{"id":225113,"date":"2021-06-21T15:15:49","date_gmt":"2021-06-21T15:15:49","guid":{"rendered":"https:\/\/pjscoffeevietnam.com\/?page_id=225113"},"modified":"2025-04-08T06:13:57","modified_gmt":"2025-04-08T06:13:57","slug":"nha-rang-xay","status":"publish","type":"page","link":"https:\/\/pjscoffeevietnam.com\/vi\/qua-trinh-phat-trien\/nha-rang-xay\/","title":{"rendered":"Nh\u00e0 rang xay"},"content":{"rendered":"<p>[et_pb_section fb_built=&#8221;1&#8243; _builder_version=&#8221;4.19.4&#8243; background_color=&#8221;#FFFFFF&#8221; background_enable_image=&#8221;off&#8221; background_size=&#8221;initial&#8221; background_repeat=&#8221;repeat&#8221; custom_padding=&#8221;100px|0px|100px|0px|false|false&#8221; hover_enabled=&#8221;0&#8243; global_colors_info=&#8221;{}&#8221; sticky_enabled=&#8221;0&#8243; height=&#8221;auto&#8221;][et_pb_row use_custom_gutter=&#8221;on&#8221; make_equal=&#8221;on&#8221; module_class=&#8221; et_pb_row_fullwidth&#8221; _builder_version=&#8221;4.19.4&#8243; background_color=&#8221;#ffffff&#8221; width=&#8221;100%&#8221; width_tablet=&#8221;80%&#8221; width_phone=&#8221;&#8221; width_last_edited=&#8221;on|desktop&#8221; max_width_tablet=&#8221;80%&#8221; max_width_phone=&#8221;&#8221; max_width_last_edited=&#8221;on|desktop&#8221; custom_margin=&#8221;||||false|false&#8221; custom_padding=&#8221;70px|70px|70px|70px|false|false&#8221; border_color_top=&#8221;#6A2976&#8243; border_width_bottom=&#8221;2px&#8221; border_color_bottom=&#8221;#6A2976&#8243; box_shadow_style=&#8221;preset5&#8243; box_shadow_blur=&#8221;27px&#8221; box_shadow_spread=&#8221;-13px&#8221; make_fullwidth=&#8221;on&#8221; global_colors_info=&#8221;{}&#8221;][et_pb_column type=&#8221;4_4&#8243; _builder_version=&#8221;4.16&#8243; custom_padding=&#8221;|||&#8221; global_colors_info=&#8221;{}&#8221; custom_padding__hover=&#8221;|||&#8221;][et_pb_text _builder_version=&#8221;4.19.4&#8243; _module_preset=&#8221;default&#8221; text_font=&#8221;Montserrat||||||||&#8221; text_text_color=&#8221;#000000&#8243; text_font_size=&#8221;40px&#8221; header_text_color=&#8221;#4f1900&#8243; custom_padding=&#8221;|20px||20px|false|false&#8221; border_color_bottom=&#8221;RGBA(0,0,0,0)&#8221; global_colors_info=&#8221;{}&#8221;]<\/p>\n<p style=\"text-align: center;\">Nh\u00e0 rang xay<\/p>\n<p>[\/et_pb_text][et_pb_divider divider_weight=&#8221;5px&#8221; _builder_version=&#8221;4.16&#8243; _module_preset=&#8221;default&#8221; width=&#8221;16%&#8221; module_alignment=&#8221;center&#8221; global_colors_info=&#8221;{}&#8221;][\/et_pb_divider][et_pb_code _builder_version=&#8221;4.16&#8243; _module_preset=&#8221;default&#8221; global_colors_info=&#8221;{}&#8221;]<iframe allowfullscreen=\"\" class=\"embed-responsive-item rounded-lg shadow-sm\" frameborder=\"0\" src=\"\/\/videos.sproutvideo.com\/embed\/189adab01e19e0c590\/1616bdf75e556f99?playerColor=6c22a8?autoPlay=true&#038;showControls=false\" style=\"position:absolute;width:100%;height:100%;left:0;top:0\"><\/iframe>[\/et_pb_code][et_pb_text _builder_version=&#8221;4.16&#8243; _module_preset=&#8221;default&#8221; global_colors_info=&#8221;{}&#8221;]<\/p>\n<p><center><iframe loading=\"lazy\" src=\"\/\/videos.sproutvideo.com\/embed\/189adab01e19e0c590\/1616bdf75e556f99?playerColor=6c22a8?autoPlay=true&amp;showControls=false\" width=\"100%\" height=\"560px\"><\/iframe><\/center><\/p>\n<p>[\/et_pb_text][et_pb_text _builder_version=&#8221;4.19.4&#8243; _module_preset=&#8221;default&#8221; text_text_color=&#8221;#000000&#8243; text_font_size=&#8221;40px&#8221; header_text_color=&#8221;#4f1900&#8243; custom_padding=&#8221;20px|20px||20px|false|false&#8221; border_color_bottom=&#8221;RGBA(0,0,0,0)&#8221; global_colors_info=&#8221;{}&#8221;]<\/p>\n<p style=\"text-align: center;\">Felton Jones<\/p>\n<p>[\/et_pb_text][et_pb_text _builder_version=&#8221;4.19.4&#8243; _module_preset=&#8221;default&#8221; text_font=&#8221;Satisfy||||||||&#8221; text_text_color=&#8221;#6A2976&#8243; text_font_size=&#8221;40px&#8221; header_text_color=&#8221;#4f1900&#8243; custom_padding=&#8221;|20px||20px|false|false&#8221; border_color_bottom=&#8221;RGBA(0,0,0,0)&#8221; global_colors_info=&#8221;{}&#8221;]<\/p>\n<p style=\"text-align: center;\">The Roastmaster<\/p>\n<p>[\/et_pb_text][et_pb_text _builder_version=&#8221;4.19.4&#8243; _module_preset=&#8221;default&#8221; text_font=&#8221;Montserrat|300|||||||&#8221; text_font_size=&#8221;18px&#8221; text_line_height=&#8221;1.4em&#8221; width=&#8221;100%&#8221; max_width=&#8221;85%&#8221; module_alignment=&#8221;center&#8221; hover_enabled=&#8221;0&#8243; global_colors_info=&#8221;{}&#8221; text_text_color=&#8221;#000000&#8243; sticky_enabled=&#8221;0&#8243;]<\/p>\n<p style=\"text-align: center;\">\u00d4ng Felton Jones, III gia nh\u1eadp nh\u00f3m s\u1ea3n xu\u1ea5t PJ&#8217;s Coffee v\u00e0o n\u0103m 1993 d\u01b0\u1edbi s\u1ef1 ch\u1ec9 \u0111\u1ea1o c\u1ee7a Phyllis Jordan, ng\u01b0\u1eddi s\u00e1ng l\u1eadp PJ&#8217;s Coffee. T\u1eeb n\u0103m 1996-99, \u00f4ng Jones chuy\u1ec3n \u0111\u1ebfn l\u00e0m vi\u1ec7c t\u1ea1i Coffee House Inc., n\u01a1i \u00f4ng tr\u1edf th\u00e0nh T\u1ed5ng Gi\u00e1m \u0111\u1ed1c Ho\u1ea1t \u0111\u1ed9ng C\u00e0 ph\u00ea v\u00e0 b\u1eaft \u0111\u1ea7u h\u00e0nh tr\u00ecnh \u0111\u1ea1t \u0111\u01b0\u1ee3c v\u1ecb tr\u00ed Qu\u1ea3n tr\u1ecb vi\u00ean c\u00e0 ph\u00ea. N\u0103m 1999, \u00f4ng Jones quay tr\u1edf l\u1ea1i PJ&#8217;s Coffee theo y\u00eau c\u1ea7u c\u1ee7a Phyllis Jordan \u0111\u1ec3 \u0111\u1ea3m nh\u1eadn v\u1ecb tr\u00ed Ph\u00f3 Gi\u00e1m \u0111\u1ed1c Ho\u1ea1t \u0111\u1ed9ng B\u00e1n bu\u00f4n v\u00e0 Ki\u1ec3m so\u00e1t Ch\u1ea5t l\u01b0\u1ee3ng. N\u0103m 2003, \u00f4ng Jones \u0111\u1ea1t \u0111\u01b0\u1ee3c v\u1ecb tr\u00ed Qu\u1ea3n tr\u1ecb vi\u00ean rang xay v\u00e0 Ng\u01b0\u1eddi mua c\u00e0 ph\u00ea cho PJ&#8217;s Coffee.<\/p>\n<p style=\"text-align: center;\">\u00d4ng Jones \u0111\u01b0\u1ee3c Hi\u1ec7p h\u1ed9i C\u00e0 ph\u00ea \u0110\u1eb7c s\u1ea3n Hoa K\u1ef3 ch\u1ee9ng nh\u1eadn v\u1ec1 h\u1ee3p \u0111\u1ed3ng v\u00e0 thu mua c\u00e0 ph\u00ea nh\u00e2n, v\u00e0 hi\u1ec7n l\u00e0 Gi\u00e1m \u0111\u1ed1c \u0111i\u1ec1u h\u00e0nh rang xay v\u00e0 \u0110\u1ea1i s\u1ee9 th\u01b0\u01a1ng hi\u1ec7u cho New Orleans Roast, LLC.<\/p>\n<p>[\/et_pb_text][\/et_pb_column][\/et_pb_row][\/et_pb_section][et_pb_section fb_built=&#8221;1&#8243; disabled_on=&#8221;off|off|off&#8221; admin_label=&#8221;Footer&#8221; _builder_version=&#8221;4.19.4&#8243; background_color=&#8221;#FFFFFF&#8221; background_color_gradient_direction=&#8221;90deg&#8221; background_image=&#8221;https:\/\/pjscoffeevietnam.com\/wp-content\/uploads\/2021\/06\/Background.jpg&#8221; parallax=&#8221;on&#8221; max_width=&#8221;100%&#8221; module_alignment=&#8221;center&#8221; height=&#8221;auto&#8221; max_height=&#8221;440px&#8221; custom_margin_tablet=&#8221;&#8221; custom_margin_phone=&#8221;&#8221; custom_margin_last_edited=&#8221;on|phone&#8221; custom_padding=&#8221;0px||0px||false|false&#8221; border_width_top=&#8221;5px&#8221; border_color_top=&#8221;#D19A0A&#8221; saved_tabs=&#8221;all&#8221; locked=&#8221;off&#8221; global_colors_info=&#8221;{}&#8221; theme_builder_area=&#8221;post_content&#8221;][et_pb_row column_structure=&#8221;1_4,1_2,1_4&#8243; disabled_on=&#8221;off|off|off&#8221; admin_label=&#8221;Footer Row&#8221; module_class=&#8221; &#8221; _builder_version=&#8221;4.19.4&#8243; background_enable_color=&#8221;off&#8221; background_size=&#8221;initial&#8221; background_position=&#8221;top_left&#8221; background_repeat=&#8221;repeat&#8221; position_origin_r=&#8221;bottom_right&#8221; width_tablet=&#8221;100%&#8221; width_phone=&#8221;80%&#8221; width_last_edited=&#8221;on|phone&#8221; max_width_tablet=&#8221;100%&#8221; max_width_phone=&#8221;&#8221; max_width_last_edited=&#8221;on|desktop&#8221; module_alignment=&#8221;center&#8221; custom_margin=&#8221;0px||||false|false&#8221; custom_padding=&#8221;50px|0px|50px|0px|false|false&#8221; animation_style=&#8221;fade&#8221; make_fullwidth=&#8221;on&#8221; global_colors_info=&#8221;{}&#8221; theme_builder_area=&#8221;post_content&#8221;][et_pb_column type=&#8221;1_4&#8243; _builder_version=&#8221;4.16&#8243; background_enable_color=&#8221;off&#8221; parallax=&#8221;on&#8221; custom_padding=&#8221;|0px||0px|false|false&#8221; custom_padding_tablet=&#8221;&#8221; custom_padding_phone=&#8221;0px||0px||false|false&#8221; custom_padding_last_edited=&#8221;on|phone&#8221; global_colors_info=&#8221;{}&#8221; custom_padding__hover=&#8221;|||&#8221; theme_builder_area=&#8221;post_content&#8221;][et_pb_image src=&#8221;https:\/\/pjscoffeevietnam.com\/wp-content\/uploads\/2019\/03\/logo.png&#8221; title_text=&#8221;logo&#8221; _builder_version=&#8221;4.16&#8243; _module_preset=&#8221;default&#8221; max_width=&#8221;100px&#8221; global_colors_info=&#8221;{}&#8221; theme_builder_area=&#8221;post_content&#8221;][\/et_pb_image][et_pb_text admin_label=&#8221;Texts&#8221; _builder_version=&#8221;4.19.4&#8243; text_font=&#8221;Montserrat|300|||||||&#8221; text_font_size=&#8221;18px&#8221; text_line_height=&#8221;2.1em&#8221; link_font=&#8221;Montserrat|300|||||||&#8221; link_text_color=&#8221;#FFFFFF&#8221; header_font=&#8221;Oswald|||on|&#8221; header_text_color=&#8221;#dca57d&#8221; header_font_size=&#8221;16px&#8221; header_letter_spacing=&#8221;2px&#8221; header_line_height=&#8221;1.7em&#8221; header_4_font=&#8221;Oswald|||on|||||&#8221; header_4_text_color=&#8221;#dca57d&#8221; header_4_font_size=&#8221;16px&#8221; header_4_letter_spacing=&#8221;1px&#8221; header_4_line_height=&#8221;1.5em&#8221; background_layout=&#8221;dark&#8221; custom_margin=&#8221;||6%|&#8221; custom_css_before=&#8221;||&#8221; locked=&#8221;off&#8221; global_colors_info=&#8221;{}&#8221; theme_builder_area=&#8221;post_content&#8221;]<\/p>\n<p><a href=\"https:\/\/pjscoffeevietnam.com\/vi\/lich-su\/\">L\u1ecbch s\u1eed PJ&#8217;s<\/a><br \/><a href=\"https:\/\/pjscoffeevietnam.com\/vi\/huong-vi-the-gioi\/\">H\u01b0\u01a1ng v\u1ecb th\u1ebf gi\u1edbi<\/a><br \/><a href=\"https: careers.trginternational.com=\">Li\u00ean h\u1ec7<\/a><br \/><a href=\"\\https:\/\/pjscoffeevietnam.com\/catering\/\/\">Cho thu\u00ea ph\u00f2ng h\u1ecdp<\/a><\/p>\n<p>[\/et_pb_text][\/et_pb_column][et_pb_column type=&#8221;1_2&#8243; _builder_version=&#8221;4.16&#8243; background_enable_color=&#8221;off&#8221; custom_padding=&#8221;|0px||0px|false|false&#8221; custom_padding_tablet=&#8221;&#8221; custom_padding_phone=&#8221;0px||0px||false|false&#8221; custom_padding_last_edited=&#8221;on|phone&#8221; global_colors_info=&#8221;{}&#8221; custom_padding__hover=&#8221;|||&#8221; theme_builder_area=&#8221;post_content&#8221;][et_pb_text admin_label=&#8221;Texts&#8221; _builder_version=&#8221;4.19.4&#8243; text_font_size=&#8221;18px&#8221; header_2_font=&#8221;Montserrat||||||||&#8221; header_2_text_align=&#8221;left&#8221; header_2_font_size=&#8221;30px&#8221; header_2_line_height=&#8221;1.5em&#8221; background_layout=&#8221;dark&#8221; custom_margin=&#8221;||4%||false|false&#8221; custom_margin_tablet=&#8221;&#8221; custom_margin_phone=&#8221;0px||0%||false|false&#8221; custom_margin_last_edited=&#8221;on|phone&#8221; custom_padding=&#8221;|||&#8221; locked=&#8221;off&#8221; global_colors_info=&#8221;{}&#8221; theme_builder_area=&#8221;post_content&#8221;]<\/p>\n<h2>\u00a0C\u1eecA H\u00c0NG<\/h2>\n<p>[\/et_pb_text][et_pb_text admin_label=&#8221;Texts&#8221; _builder_version=&#8221;4.19.4&#8243; text_font=&#8221;Montserrat|300|||||||&#8221; text_font_size=&#8221;18px&#8221; header_font=&#8221;Oswald|||on|&#8221; header_text_color=&#8221;#dca57d&#8221; header_font_size=&#8221;16px&#8221; header_letter_spacing=&#8221;2px&#8221; header_line_height=&#8221;1.7em&#8221; header_4_font=&#8221;|||on|||||&#8221; header_4_text_color=&#8221;#dca57d&#8221; header_4_font_size=&#8221;16px&#8221; header_4_letter_spacing=&#8221;1px&#8221; header_4_line_height=&#8221;1.5em&#8221; background_layout=&#8221;dark&#8221; custom_margin=&#8221;||6%|&#8221; custom_padding=&#8221;12px||||false|false&#8221; locked=&#8221;off&#8221; global_colors_info=&#8221;{}&#8221; theme_builder_area=&#8221;post_content&#8221;]<\/p>\n<h3><span style=\"color: #f99c33;\">PJ&#8217;s &#8211; SALA STORE<\/span><\/h3>\n<p>145-147 Nguy\u1ec5n C\u01a1 Th\u1ea1ch, Ph\u01b0\u1eddng An L\u1ee3i \u0110\u00f4ng, Qu\u1eadn 2, TP. Th\u1ee7 \u0110\u1ee9c, TPHCM<\/p>\n<p>Sdt: +84 934000591<\/p>\n<p>6:00 s\u00e1ng &#8211; 8:00 t\u1ed1i<\/p>\n<p>[\/et_pb_text][\/et_pb_column][et_pb_column type=&#8221;1_4&#8243; _builder_version=&#8221;4.16&#8243; background_enable_color=&#8221;off&#8221; parallax=&#8221;on&#8221; custom_padding=&#8221;||||false|false&#8221; custom_padding_tablet=&#8221;&#8221; custom_padding_phone=&#8221;0px||0px||false|false&#8221; custom_padding_last_edited=&#8221;on|phone&#8221; global_colors_info=&#8221;{}&#8221; custom_padding__hover=&#8221;|||&#8221; theme_builder_area=&#8221;post_content&#8221;][et_pb_text admin_label=&#8221;Tittle&#8221; _builder_version=&#8221;4.19.4&#8243; text_font=&#8221;Oswald||||&#8221; header_2_font=&#8221;Archer Bold Pro|||on|||||&#8221; header_2_text_align=&#8221;center&#8221; header_2_font_size=&#8221;24px&#8221; header_2_letter_spacing=&#8221;2px&#8221; header_2_line_height=&#8221;1.5em&#8221; background_size=&#8221;initial&#8221; background_position=&#8221;top_left&#8221; background_repeat=&#8221;repeat&#8221; background_layout=&#8221;dark&#8221; custom_margin=&#8221;||4%|&#8221; locked=&#8221;off&#8221; global_colors_info=&#8221;{}&#8221; theme_builder_area=&#8221;post_content&#8221;]<\/p>\n<h2>Li\u00ean h\u1ec7 v\u1edbi ch\u00fang t\u00f4i<\/h2>\n<p>[\/et_pb_text][\/et_pb_column][\/et_pb_row][\/et_pb_section]<\/p>\n","protected":false},"excerpt":{"rendered":"<p>Nh\u00e0 rang xayFelton JonesThe Roastmaster\u00d4ng Felton Jones, III gia nh\u1eadp nh\u00f3m s\u1ea3n xu\u1ea5t PJ&#8217;s Coffee v\u00e0o n\u0103m 1993 d\u01b0\u1edbi s\u1ef1 ch\u1ec9 \u0111\u1ea1o c\u1ee7a Phyllis Jordan, ng\u01b0\u1eddi s\u00e1ng l\u1eadp PJ&#8217;s Coffee. T\u1eeb n\u0103m 1996-99, \u00f4ng Jones chuy\u1ec3n \u0111\u1ebfn l\u00e0m vi\u1ec7c t\u1ea1i Coffee House Inc., n\u01a1i \u00f4ng tr\u1edf th\u00e0nh T\u1ed5ng Gi\u00e1m \u0111\u1ed1c Ho\u1ea1t \u0111\u1ed9ng C\u00e0 ph\u00ea v\u00e0 [&hellip;]<\/p>\n","protected":false},"author":9,"featured_media":0,"parent":222067,"menu_order":0,"comment_status":"closed","ping_status":"closed","template":"","meta":{"_et_pb_use_builder":"on","_et_pb_old_content":"","_et_gb_content_width":"","footnotes":""},"class_list":["post-225113","page","type-page","status-publish","hentry"],"yoast_head":"<!-- This site is optimized with the Yoast SEO plugin v26.7 - https:\/\/yoast.com\/wordpress\/plugins\/seo\/ -->\n<title>Nh\u00e0 rang xay &#8211; PJ&#039;s Coffee Vietnam<\/title>\n<meta name=\"robots\" content=\"index, follow, max-snippet:-1, max-image-preview:large, max-video-preview:-1\" \/>\n<link rel=\"canonical\" href=\"https:\/\/pjscoffeevietnam.com\/vi\/process\/our-roastmaster\/\" \/>\n<meta property=\"og:locale\" content=\"vi_VN\" \/>\n<meta property=\"og:type\" content=\"article\" \/>\n<meta property=\"og:title\" content=\"Nh\u00e0 rang xay &#8211; PJ&#039;s Coffee Vietnam\" \/>\n<meta property=\"og:description\" content=\"Nh\u00e0 rang xayFelton JonesThe Roastmaster\u00d4ng Felton Jones, III gia nh\u1eadp nh\u00f3m s\u1ea3n xu\u1ea5t PJ&#039;s Coffee v\u00e0o n\u0103m 1993 d\u01b0\u1edbi s\u1ef1 ch\u1ec9 \u0111\u1ea1o c\u1ee7a Phyllis Jordan, ng\u01b0\u1eddi s\u00e1ng l\u1eadp PJ&#039;s Coffee. T\u1eeb n\u0103m 1996-99, \u00f4ng Jones chuy\u1ec3n \u0111\u1ebfn l\u00e0m vi\u1ec7c t\u1ea1i Coffee House Inc., n\u01a1i \u00f4ng tr\u1edf th\u00e0nh T\u1ed5ng Gi\u00e1m \u0111\u1ed1c Ho\u1ea1t \u0111\u1ed9ng C\u00e0 ph\u00ea v\u00e0 [&hellip;]\" \/>\n<meta property=\"og:url\" content=\"https:\/\/pjscoffeevietnam.com\/process\/our-roastmaster\/\" \/>\n<meta property=\"og:site_name\" content=\"PJ&#039;s Coffee Vietnam\" \/>\n<meta property=\"article:publisher\" content=\"https:\/\/www.facebook.com\/Pjscoffeevietnam\/\" \/>\n<meta property=\"article:modified_time\" content=\"2025-04-08T06:13:57+00:00\" \/>\n<meta name=\"twitter:card\" content=\"summary_large_image\" \/>\n<meta name=\"twitter:label1\" content=\"Est. reading time\" \/>\n\t<meta name=\"twitter:data1\" content=\"3 minutes\" \/>\n<script type=\"application\/ld+json\" class=\"yoast-schema-graph\">{\"@context\":\"https:\/\/schema.org\",\"@graph\":[{\"@type\":\"WebPage\",\"@id\":\"https:\/\/pjscoffeevietnam.com\/process\/our-roastmaster\/\",\"url\":\"https:\/\/pjscoffeevietnam.com\/process\/our-roastmaster\/\",\"name\":\"Nh\u00e0 rang xay &#8211; PJ&#039;s Coffee Vietnam\",\"isPartOf\":{\"@id\":\"https:\/\/pjscoffeevietnam.com\/#website\"},\"datePublished\":\"2021-06-21T15:15:49+00:00\",\"dateModified\":\"2025-04-08T06:13:57+00:00\",\"breadcrumb\":{\"@id\":\"https:\/\/pjscoffeevietnam.com\/process\/our-roastmaster\/#breadcrumb\"},\"inLanguage\":\"vi-VN\",\"potentialAction\":[{\"@type\":\"ReadAction\",\"target\":[\"https:\/\/pjscoffeevietnam.com\/process\/our-roastmaster\/\"]}]},{\"@type\":\"BreadcrumbList\",\"@id\":\"https:\/\/pjscoffeevietnam.com\/process\/our-roastmaster\/#breadcrumb\",\"itemListElement\":[{\"@type\":\"ListItem\",\"position\":1,\"name\":\"Home\",\"item\":\"https:\/\/pjscoffeevietnam.com\/vi\/\"},{\"@type\":\"ListItem\",\"position\":2,\"name\":\"Qu\u00e1 tr\u00ecnh ph\u00e1t tri\u1ec3n\",\"item\":\"https:\/\/pjscoffeevietnam.com\/process\/\"},{\"@type\":\"ListItem\",\"position\":3,\"name\":\"Nh\u00e0 rang xay\"}]},{\"@type\":\"WebSite\",\"@id\":\"https:\/\/pjscoffeevietnam.com\/#website\",\"url\":\"https:\/\/pjscoffeevietnam.com\/\",\"name\":\"PJ's Coffee Vietnam\",\"description\":\"PJ&#039;s Coffee of New Orleans\",\"publisher\":{\"@id\":\"https:\/\/pjscoffeevietnam.com\/#organization\"},\"potentialAction\":[{\"@type\":\"SearchAction\",\"target\":{\"@type\":\"EntryPoint\",\"urlTemplate\":\"https:\/\/pjscoffeevietnam.com\/?s={search_term_string}\"},\"query-input\":{\"@type\":\"PropertyValueSpecification\",\"valueRequired\":true,\"valueName\":\"search_term_string\"}}],\"inLanguage\":\"vi-VN\"},{\"@type\":\"Organization\",\"@id\":\"https:\/\/pjscoffeevietnam.com\/#organization\",\"name\":\"PJ's Coffee Vietnam\",\"url\":\"https:\/\/pjscoffeevietnam.com\/\",\"logo\":{\"@type\":\"ImageObject\",\"inLanguage\":\"vi-VN\",\"@id\":\"https:\/\/pjscoffeevietnam.com\/#\/schema\/logo\/image\/\",\"url\":\"https:\/\/pjscoffeevietnam.com\/wp-content\/uploads\/2019\/03\/logo.png\",\"contentUrl\":\"https:\/\/pjscoffeevietnam.com\/wp-content\/uploads\/2019\/03\/logo.png\",\"width\":189,\"height\":200,\"caption\":\"PJ's Coffee Vietnam\"},\"image\":{\"@id\":\"https:\/\/pjscoffeevietnam.com\/#\/schema\/logo\/image\/\"},\"sameAs\":[\"https:\/\/www.facebook.com\/Pjscoffeevietnam\/\",\"https:\/\/www.instagram.com\/pjsvietnam\",\"https:\/\/www.tiktok.com\/@pjsvietnam\"]}]}<\/script>\n<!-- \/ Yoast SEO plugin. -->","yoast_head_json":{"title":"Nh\u00e0 rang xay &#8211; PJ&#039;s Coffee Vietnam","robots":{"index":"index","follow":"follow","max-snippet":"max-snippet:-1","max-image-preview":"max-image-preview:large","max-video-preview":"max-video-preview:-1"},"canonical":"https:\/\/pjscoffeevietnam.com\/vi\/process\/our-roastmaster\/","og_locale":"vi_VN","og_type":"article","og_title":"Nh\u00e0 rang xay &#8211; PJ&#039;s Coffee Vietnam","og_description":"Nh\u00e0 rang xayFelton JonesThe Roastmaster\u00d4ng Felton Jones, III gia nh\u1eadp nh\u00f3m s\u1ea3n xu\u1ea5t PJ's Coffee v\u00e0o n\u0103m 1993 d\u01b0\u1edbi s\u1ef1 ch\u1ec9 \u0111\u1ea1o c\u1ee7a Phyllis Jordan, ng\u01b0\u1eddi s\u00e1ng l\u1eadp PJ's Coffee. T\u1eeb n\u0103m 1996-99, \u00f4ng Jones chuy\u1ec3n \u0111\u1ebfn l\u00e0m vi\u1ec7c t\u1ea1i Coffee House Inc., n\u01a1i \u00f4ng tr\u1edf th\u00e0nh T\u1ed5ng Gi\u00e1m \u0111\u1ed1c Ho\u1ea1t \u0111\u1ed9ng C\u00e0 ph\u00ea v\u00e0 [&hellip;]","og_url":"https:\/\/pjscoffeevietnam.com\/process\/our-roastmaster\/","og_site_name":"PJ&#039;s Coffee Vietnam","article_publisher":"https:\/\/www.facebook.com\/Pjscoffeevietnam\/","article_modified_time":"2025-04-08T06:13:57+00:00","twitter_card":"summary_large_image","twitter_misc":{"Est. reading time":"3 minutes"},"schema":{"@context":"https:\/\/schema.org","@graph":[{"@type":"WebPage","@id":"https:\/\/pjscoffeevietnam.com\/process\/our-roastmaster\/","url":"https:\/\/pjscoffeevietnam.com\/process\/our-roastmaster\/","name":"Nh\u00e0 rang xay &#8211; PJ&#039;s Coffee Vietnam","isPartOf":{"@id":"https:\/\/pjscoffeevietnam.com\/#website"},"datePublished":"2021-06-21T15:15:49+00:00","dateModified":"2025-04-08T06:13:57+00:00","breadcrumb":{"@id":"https:\/\/pjscoffeevietnam.com\/process\/our-roastmaster\/#breadcrumb"},"inLanguage":"vi-VN","potentialAction":[{"@type":"ReadAction","target":["https:\/\/pjscoffeevietnam.com\/process\/our-roastmaster\/"]}]},{"@type":"BreadcrumbList","@id":"https:\/\/pjscoffeevietnam.com\/process\/our-roastmaster\/#breadcrumb","itemListElement":[{"@type":"ListItem","position":1,"name":"Home","item":"https:\/\/pjscoffeevietnam.com\/vi\/"},{"@type":"ListItem","position":2,"name":"Qu\u00e1 tr\u00ecnh ph\u00e1t tri\u1ec3n","item":"https:\/\/pjscoffeevietnam.com\/process\/"},{"@type":"ListItem","position":3,"name":"Nh\u00e0 rang xay"}]},{"@type":"WebSite","@id":"https:\/\/pjscoffeevietnam.com\/#website","url":"https:\/\/pjscoffeevietnam.com\/","name":"PJ's Coffee Vietnam","description":"PJ&#039;s Coffee of New Orleans","publisher":{"@id":"https:\/\/pjscoffeevietnam.com\/#organization"},"potentialAction":[{"@type":"SearchAction","target":{"@type":"EntryPoint","urlTemplate":"https:\/\/pjscoffeevietnam.com\/?s={search_term_string}"},"query-input":{"@type":"PropertyValueSpecification","valueRequired":true,"valueName":"search_term_string"}}],"inLanguage":"vi-VN"},{"@type":"Organization","@id":"https:\/\/pjscoffeevietnam.com\/#organization","name":"PJ's Coffee Vietnam","url":"https:\/\/pjscoffeevietnam.com\/","logo":{"@type":"ImageObject","inLanguage":"vi-VN","@id":"https:\/\/pjscoffeevietnam.com\/#\/schema\/logo\/image\/","url":"https:\/\/pjscoffeevietnam.com\/wp-content\/uploads\/2019\/03\/logo.png","contentUrl":"https:\/\/pjscoffeevietnam.com\/wp-content\/uploads\/2019\/03\/logo.png","width":189,"height":200,"caption":"PJ's Coffee Vietnam"},"image":{"@id":"https:\/\/pjscoffeevietnam.com\/#\/schema\/logo\/image\/"},"sameAs":["https:\/\/www.facebook.com\/Pjscoffeevietnam\/","https:\/\/www.instagram.com\/pjsvietnam","https:\/\/www.tiktok.com\/@pjsvietnam"]}]}},"_links":{"self":[{"href":"https:\/\/pjscoffeevietnam.com\/vi\/wp-json\/wp\/v2\/pages\/225113","targetHints":{"allow":["GET"]}}],"collection":[{"href":"https:\/\/pjscoffeevietnam.com\/vi\/wp-json\/wp\/v2\/pages"}],"about":[{"href":"https:\/\/pjscoffeevietnam.com\/vi\/wp-json\/wp\/v2\/types\/page"}],"author":[{"embeddable":true,"href":"https:\/\/pjscoffeevietnam.com\/vi\/wp-json\/wp\/v2\/users\/9"}],"replies":[{"embeddable":true,"href":"https:\/\/pjscoffeevietnam.com\/vi\/wp-json\/wp\/v2\/comments?post=225113"}],"version-history":[{"count":0,"href":"https:\/\/pjscoffeevietnam.com\/vi\/wp-json\/wp\/v2\/pages\/225113\/revisions"}],"up":[{"embeddable":true,"href":"https:\/\/pjscoffeevietnam.com\/vi\/wp-json\/wp\/v2\/pages\/222067"}],"wp:attachment":[{"href":"https:\/\/pjscoffeevietnam.com\/vi\/wp-json\/wp\/v2\/media?parent=225113"}],"curies":[{"name":"wp","href":"https:\/\/api.w.org\/{rel}","templated":true}]}}