{"id":223921,"date":"2021-06-07T05:10:41","date_gmt":"2021-06-07T05:10:41","guid":{"rendered":"http:\/\/pjscoffeevietnam.com\/?page_id=223921"},"modified":"2025-06-16T09:47:27","modified_gmt":"2025-06-16T09:47:27","slug":"da-xay","status":"publish","type":"page","link":"https:\/\/pjscoffeevietnam.com\/vi\/ca-phe-u-lanh\/da-xay\/","title":{"rendered":"\u0110\u00e1 Xay"},"content":{"rendered":"<p>[et_pb_section fb_built=&#8221;1&#8243; _builder_version=&#8221;4.16&#8243; _module_preset=&#8221;default&#8221; background_image=&#8221;https:\/\/pjscoffeevietnam.com\/wp-content\/uploads\/2021\/06\/panel-coffee.jpg&#8221; width_tablet=&#8221;&#8221; width_phone=&#8221;100%&#8221; width_last_edited=&#8221;on|phone&#8221; max_width_tablet=&#8221;&#8221; max_width_phone=&#8221;100%&#8221; max_width_last_edited=&#8221;on|phone&#8221; min_height=&#8221;500px&#8221; min_height_tablet=&#8221;&#8221; min_height_phone=&#8221;&#8221; min_height_last_edited=&#8221;on|phone&#8221; height=&#8221;500px&#8221; height_tablet=&#8221;&#8221; height_phone=&#8221;&#8221; height_last_edited=&#8221;on|phone&#8221; global_colors_info=&#8221;{}&#8221;][et_pb_row _builder_version=&#8221;4.16&#8243; _module_preset=&#8221;default&#8221; global_colors_info=&#8221;{}&#8221;][et_pb_column type=&#8221;4_4&#8243; _builder_version=&#8221;4.16&#8243; _module_preset=&#8221;default&#8221; global_colors_info=&#8221;{}&#8221;][\/et_pb_column][\/et_pb_row][\/et_pb_section][et_pb_section fb_built=&#8221;1&#8243; _builder_version=&#8221;4.19.4&#8243; _module_preset=&#8221;default&#8221; locked=&#8221;off&#8221; collapsed=&#8221;off&#8221; global_colors_info=&#8221;{}&#8221;][et_pb_row column_structure=&#8221;1_4,1_4,1_4,1_4&#8243; use_custom_gutter=&#8221;on&#8221; gutter_width=&#8221;1&#8243; _builder_version=&#8221;4.19.4&#8243; _module_preset=&#8221;default&#8221; transform_scale=&#8221;82%|82%&#8221; transform_translate=&#8221;0px|-81px&#8221; transform_translate_linked=&#8221;off&#8221; global_colors_info=&#8221;{}&#8221;][et_pb_column type=&#8221;1_4&#8243; _builder_version=&#8221;4.19.4&#8243; _module_preset=&#8221;default&#8221; global_colors_info=&#8221;{}&#8221;][et_pb_text _builder_version=&#8221;4.19.4&#8243; _dynamic_attributes=&#8221;link_option_url&#8221; _module_preset=&#8221;default&#8221; text_font=&#8221;Montserrat||||||||&#8221; link_option_url=&#8221;@ET-DC@eyJkeW5hbWljIjp0cnVlLCJjb250ZW50IjoicG9zdF9saW5rX3VybF9wYWdlIiwic2V0dGluZ3MiOnsicG9zdF9pZCI6IjIyNDA2MyJ9fQ==@&#8221; border_width_right=&#8221;2px&#8221; border_color_right=&#8221;#FFFFFF&#8221; global_colors_info=&#8221;{}&#8221;]<\/p>\n<p style=\"text-align: center;\">C\u00e0 ph\u00ea \u1ee7 l\u1ea1nh<\/p>\n<p>[\/et_pb_text][\/et_pb_column][et_pb_column type=&#8221;1_4&#8243; _builder_version=&#8221;4.19.4&#8243; _module_preset=&#8221;default&#8221; global_colors_info=&#8221;{}&#8221;][et_pb_text _builder_version=&#8221;4.19.4&#8243; _dynamic_attributes=&#8221;link_option_url&#8221; _module_preset=&#8221;default&#8221; text_font=&#8221;Montserrat||||||||&#8221; link_option_url=&#8221;@ET-DC@eyJkeW5hbWljIjp0cnVlLCJjb250ZW50IjoicG9zdF9saW5rX3VybF9wYWdlIiwic2V0dGluZ3MiOnsicG9zdF9pZCI6IjIyNDA5MCJ9fQ==@&#8221; border_width_right=&#8221;2px&#8221; border_color_right=&#8221;#FFFFFF&#8221; global_colors_info=&#8221;{}&#8221;]<\/p>\n<p style=\"text-align: center;\">Vietnamese Coffee<\/p>\n<p>[\/et_pb_text][\/et_pb_column][et_pb_column type=&#8221;1_4&#8243; _builder_version=&#8221;4.19.4&#8243; _module_preset=&#8221;default&#8221; global_colors_info=&#8221;{}&#8221;][et_pb_text _builder_version=&#8221;4.19.4&#8243; _dynamic_attributes=&#8221;link_option_url&#8221; _module_preset=&#8221;default&#8221; text_font=&#8221;Montserrat||||||||&#8221; link_option_url=&#8221;@ET-DC@eyJkeW5hbWljIjp0cnVlLCJjb250ZW50IjoicG9zdF9saW5rX3VybF9wYWdlIiwic2V0dGluZ3MiOnsicG9zdF9pZCI6IjIyNTAzNiJ9fQ==@&#8221; border_width_right=&#8221;2px&#8221; border_color_right=&#8221;#FFFFFF&#8221; global_colors_info=&#8221;{}&#8221;]<\/p>\n<p style=\"text-align: center;\">Espresso<\/p>\n<p>[\/et_pb_text][\/et_pb_column][et_pb_column type=&#8221;1_4&#8243; _builder_version=&#8221;4.19.4&#8243; _module_preset=&#8221;default&#8221; global_colors_info=&#8221;{}&#8221;][et_pb_text _builder_version=&#8221;4.19.4&#8243; _dynamic_attributes=&#8221;link_option_url&#8221; _module_preset=&#8221;default&#8221; text_font=&#8221;Montserrat||||||||&#8221; link_option_url=&#8221;@ET-DC@eyJkeW5hbWljIjp0cnVlLCJjb250ZW50IjoicG9zdF9saW5rX3VybF9wYWdlIiwic2V0dGluZ3MiOnsicG9zdF9pZCI6IjIyMzkyMSJ9fQ==@&#8221; hover_enabled=&#8221;0&#8243; global_colors_info=&#8221;{}&#8221; sticky_enabled=&#8221;0&#8243;]<\/p>\n<p style=\"text-align: center;\"><span>C\u00e0 ph\u00ea \u0111\u00e1 xay<\/span><\/p>\n<p>[\/et_pb_text][\/et_pb_column][\/et_pb_row][\/et_pb_section][et_pb_section fb_built=&#8221;1&#8243; _builder_version=&#8221;4.19.4&#8243; background_enable_color=&#8221;off&#8221; background_enable_image=&#8221;off&#8221; background_size=&#8221;initial&#8221; background_repeat=&#8221;repeat&#8221; height=&#8221;auto&#8221; global_colors_info=&#8221;{}&#8221;][et_pb_row use_custom_gutter=&#8221;on&#8221; _builder_version=&#8221;4.16&#8243; _module_preset=&#8221;default&#8221; background_color=&#8221;rgba(255,255,255,0.81)&#8221; width=&#8221;100%&#8221; module_alignment=&#8221;center&#8221; custom_padding=&#8221;80px||||false|false&#8221; global_colors_info=&#8221;{}&#8221;][et_pb_column type=&#8221;4_4&#8243; _builder_version=&#8221;4.16&#8243; _module_preset=&#8221;default&#8221; global_colors_info=&#8221;{}&#8221;][et_pb_text _builder_version=&#8221;4.19.4&#8243; _module_preset=&#8221;default&#8221; text_font=&#8221;Montserrat||||||||&#8221; text_text_color=&#8221;#000000&#8243; text_font_size=&#8221;35px&#8221; custom_padding=&#8221;|20px||20px|false|false&#8221; border_color_bottom=&#8221;RGBA(0,0,0,0)&#8221; global_colors_info=&#8221;{}&#8221;]<\/p>\n<p style=\"text-align: center;\">\u0110\u00e1 Xay<\/p>\n<p>[\/et_pb_text][et_pb_divider divider_weight=&#8221;5px&#8221; _builder_version=&#8221;4.16&#8243; _module_preset=&#8221;default&#8221; width=&#8221;16%&#8221; module_alignment=&#8221;center&#8221; global_colors_info=&#8221;{}&#8221;][\/et_pb_divider][\/et_pb_column][\/et_pb_row][et_pb_row column_structure=&#8221;1_2,1_2&#8243; use_custom_gutter=&#8221;on&#8221; gutter_width=&#8221;2&#8243; _builder_version=&#8221;4.19.4&#8243; background_color=&#8221;RGBA(255,255,255,0)&#8221; module_alignment=&#8221;center&#8221; custom_padding=&#8221;|5%||5%|false|false&#8221; border_width_bottom=&#8221;5px&#8221; border_color_bottom=&#8221;#6A2976&#8243; global_colors_info=&#8221;{}&#8221;][et_pb_column type=&#8221;1_2&#8243; _builder_version=&#8221;4.16&#8243; custom_padding=&#8221;|10px||10px|false|false&#8221; global_colors_info=&#8221;{}&#8221; custom_padding__hover=&#8221;|||&#8221;][et_pb_image src=&#8221;http:\/\/pjscoffeevietnam.com\/wp-content\/uploads\/2021\/06\/Menu-16-1.png&#8221; align=&#8221;center&#8221; align_tablet=&#8221;center&#8221; align_phone=&#8221;&#8221; align_last_edited=&#8221;on|desktop&#8221; _builder_version=&#8221;4.19.4&#8243; max_width=&#8221;37%&#8221; max_width_tablet=&#8221;&#8221; max_width_phone=&#8221;50%&#8221; max_width_last_edited=&#8221;on|phone&#8221; custom_margin=&#8221;0px||30px||false|false&#8221; global_colors_info=&#8221;{}&#8221;][\/et_pb_image][et_pb_text _builder_version=&#8221;4.19.4&#8243; text_font=&#8221;Montserrat|300|||||||&#8221; text_text_color=&#8221;#000000&#8243; text_font_size=&#8221;16px&#8221; text_line_height=&#8221;1.2em&#8221; header_2_font_size=&#8221;22px&#8221; custom_margin=&#8221;0px||20px||false|false&#8221; custom_padding=&#8221;0px||||false|false&#8221; text_font_size_tablet=&#8221;&#8221; text_font_size_phone=&#8221;16px&#8221; text_font_size_last_edited=&#8221;on|phone&#8221; header_2_font_size_tablet=&#8221;&#8221; header_2_font_size_phone=&#8221;20px&#8221; header_2_font_size_last_edited=&#8221;on|desktop&#8221; locked=&#8221;off&#8221; global_colors_info=&#8221;{}&#8221;]<\/p>\n<h2 style=\"text-align: center;\"><span>Mocha Velvet Ice<\/span><\/h2>\n<p style=\"text-align: center;\"><span data-teams=\"true\">L\u1ef1a ch\u1ecdn cho nh\u1eefng t\u00edn \u0111\u1ed3 c\u00e0 ph\u00ea nguy\u00ean b\u1ea3n, v\u1edbi h\u01b0\u01a1ng th\u01a1m \u0111\u1eb7c tr\u01b0ng, h\u1eadu v\u1ecb r\u00f5 n\u00e9t t\u1eeb h\u1ea1t c\u00e0 ph\u00ea rang xay t\u1ea1i ch\u1ed7. Kh\u00f4ng \u0111\u01b0\u1eddng, kh\u00f4ng s\u1eefa, mang \u0111\u1ebfn s\u1ef1 b\u1eebng t\u1ec9nh cho c\u1ea3 ng\u00e0y d\u00e0i<\/span><\/p>\n<p>[\/et_pb_text][\/et_pb_column][et_pb_column type=&#8221;1_2&#8243; _builder_version=&#8221;4.16&#8243; custom_padding=&#8221;|10px||10px|false|false&#8221; global_colors_info=&#8221;{}&#8221; custom_padding__hover=&#8221;|||&#8221;][et_pb_image src=&#8221;http:\/\/pjscoffeevietnam.com\/wp-content\/uploads\/2021\/06\/Menu-15.png&#8221; align=&#8221;center&#8221; align_tablet=&#8221;center&#8221; align_phone=&#8221;&#8221; align_last_edited=&#8221;on|desktop&#8221; _builder_version=&#8221;4.19.4&#8243; width=&#8221;37%&#8221; max_width_tablet=&#8221;&#8221; max_width_phone=&#8221;50%&#8221; max_width_last_edited=&#8221;on|phone&#8221; custom_margin=&#8221;0px||30px||false|false&#8221; global_colors_info=&#8221;{}&#8221;][\/et_pb_image][et_pb_text _builder_version=&#8221;4.19.4&#8243; text_font=&#8221;Montserrat|300|||||||&#8221; text_text_color=&#8221;#000000&#8243; text_font_size=&#8221;16px&#8221; text_line_height=&#8221;1.2em&#8221; header_2_font_size=&#8221;22px&#8221; custom_margin=&#8221;0px||20px||false|false&#8221; custom_padding=&#8221;0px||||false|false&#8221; text_font_size_tablet=&#8221;&#8221; text_font_size_phone=&#8221;16px&#8221; text_font_size_last_edited=&#8221;on|phone&#8221; header_2_font_size_tablet=&#8221;&#8221; header_2_font_size_phone=&#8221;20px&#8221; header_2_font_size_last_edited=&#8221;on|desktop&#8221; locked=&#8221;off&#8221; global_colors_info=&#8221;{}&#8221;]<\/p>\n<h2 style=\"text-align: center;\"><span>Vanilla Velvet Ice<\/span><\/h2>\n<p style=\"text-align: center;\">M\u00e1t l\u1ea1nh, v\u00f4 c\u00f9ng m\u1ecbn m\u00e0ng v\u00e0 ho\u00e0n to\u00e0n g\u00e2y nghi\u1ec7n, c\u1ea3m gi\u00e1c ng\u1ecdt ng\u00e0o pha tr\u1ed9n \u0111\u01b0\u1ee3c cung c\u1ea5p trong Vanilla trang tr\u00ed v\u1edbi kem \u0111\u00e1nh.<\/p>\n<p>[\/et_pb_text][\/et_pb_column][\/et_pb_row][\/et_pb_section][et_pb_section fb_built=&#8221;1&#8243; disabled_on=&#8221;off|off|off&#8221; admin_label=&#8221;Footer&#8221; _builder_version=&#8221;4.19.4&#8243; background_color_gradient_direction=&#8221;90deg&#8221; background_enable_image=&#8221;off&#8221; parallax=&#8221;on&#8221; max_width=&#8221;100%&#8221; module_alignment=&#8221;center&#8221; height=&#8221;auto&#8221; max_height=&#8221;440px&#8221; custom_margin_tablet=&#8221;&#8221; custom_margin_phone=&#8221;&#8221; custom_margin_last_edited=&#8221;on|phone&#8221; custom_padding=&#8221;0px||0px||false|false&#8221; border_width_top=&#8221;5px&#8221; border_color_top=&#8221;#D19A0A&#8221; saved_tabs=&#8221;all&#8221; locked=&#8221;off&#8221; global_colors_info=&#8221;{}&#8221;][et_pb_row column_structure=&#8221;1_4,1_2,1_4&#8243; disabled_on=&#8221;off|off|off&#8221; admin_label=&#8221;Footer Row&#8221; module_class=&#8221; &#8221; _builder_version=&#8221;4.19.4&#8243; background_enable_color=&#8221;off&#8221; background_size=&#8221;initial&#8221; background_position=&#8221;top_left&#8221; background_repeat=&#8221;repeat&#8221; position_origin_r=&#8221;bottom_right&#8221; width_tablet=&#8221;100%&#8221; width_phone=&#8221;80%&#8221; width_last_edited=&#8221;on|phone&#8221; max_width_tablet=&#8221;100%&#8221; max_width_phone=&#8221;&#8221; max_width_last_edited=&#8221;on|desktop&#8221; module_alignment=&#8221;center&#8221; custom_margin=&#8221;0px||||false|false&#8221; custom_padding=&#8221;50px|0px|50px|0px|false|false&#8221; animation_style=&#8221;fade&#8221; make_fullwidth=&#8221;on&#8221; global_colors_info=&#8221;{}&#8221;][et_pb_column type=&#8221;1_4&#8243; _builder_version=&#8221;4.16&#8243; background_enable_color=&#8221;off&#8221; parallax=&#8221;on&#8221; custom_padding=&#8221;|0px||0px|false|false&#8221; custom_padding_tablet=&#8221;&#8221; custom_padding_phone=&#8221;0px||0px||false|false&#8221; custom_padding_last_edited=&#8221;on|phone&#8221; global_colors_info=&#8221;{}&#8221; custom_padding__hover=&#8221;|||&#8221;][et_pb_image src=&#8221;https:\/\/pjscoffeevietnam.com\/wp-content\/uploads\/2019\/03\/logo.png&#8221; title_text=&#8221;logo&#8221; _builder_version=&#8221;4.16&#8243; _module_preset=&#8221;default&#8221; max_width=&#8221;100px&#8221; global_colors_info=&#8221;{}&#8221;][\/et_pb_image][et_pb_text admin_label=&#8221;Texts&#8221; _builder_version=&#8221;4.19.4&#8243; text_font=&#8221;Montserrat|300|||||||&#8221; text_font_size=&#8221;16px&#8221; text_line_height=&#8221;2.1em&#8221; link_font=&#8221;Montserrat|300|||||||&#8221; link_text_color=&#8221;#FFFFFF&#8221; header_font=&#8221;Oswald|||on|&#8221; header_text_color=&#8221;#dca57d&#8221; header_font_size=&#8221;16px&#8221; header_letter_spacing=&#8221;2px&#8221; header_line_height=&#8221;1.7em&#8221; header_4_font=&#8221;Oswald|||on|||||&#8221; header_4_text_color=&#8221;#dca57d&#8221; header_4_font_size=&#8221;16px&#8221; header_4_letter_spacing=&#8221;1px&#8221; header_4_line_height=&#8221;1.5em&#8221; background_layout=&#8221;dark&#8221; custom_margin=&#8221;||6%|&#8221; custom_css_before=&#8221;||&#8221; locked=&#8221;off&#8221; global_colors_info=&#8221;{}&#8221;]<\/p>\n<p>L\u1ecbch s\u1eed<br \/>Barista<br \/>Li\u00ean h\u1ec7<br \/>Catering services<br \/>C\u01a1 h\u1ed9i nh\u01b0\u1ee3ng quy\u1ec1n<\/p>\n<p>[\/et_pb_text][\/et_pb_column][et_pb_column type=&#8221;1_2&#8243; _builder_version=&#8221;4.16&#8243; background_enable_color=&#8221;off&#8221; custom_padding=&#8221;|0px||0px|false|false&#8221; custom_padding_tablet=&#8221;&#8221; custom_padding_phone=&#8221;0px||0px||false|false&#8221; custom_padding_last_edited=&#8221;on|phone&#8221; global_colors_info=&#8221;{}&#8221; custom_padding__hover=&#8221;|||&#8221;][et_pb_text admin_label=&#8221;Texts&#8221; _builder_version=&#8221;4.19.4&#8243; text_font_size=&#8221;18px&#8221; header_text_align=&#8221;left&#8221; header_2_font=&#8221;Montserrat|600|||||||&#8221; header_2_text_align=&#8221;left&#8221; header_2_font_size=&#8221;27px&#8221; header_2_line_height=&#8221;2.2em&#8221; background_layout=&#8221;dark&#8221; width=&#8221;55%&#8221; custom_margin=&#8221;||||false|false&#8221; custom_margin_tablet=&#8221;&#8221; custom_margin_phone=&#8221;0px||0%||false|false&#8221; custom_margin_last_edited=&#8221;on|phone&#8221; custom_padding=&#8221;0px||0px||false|false&#8221; locked=&#8221;off&#8221; global_colors_info=&#8221;{}&#8221;]<\/p>\n<h2>\u00a0CHU\u1ed6I C\u1eecA H\u00c0NG<\/h2>\n<p>[\/et_pb_text][et_pb_text admin_label=&#8221;Texts&#8221; _builder_version=&#8221;4.19.4&#8243; text_font=&#8221;Montserrat|300|||||||&#8221; text_font_size=&#8221;16px&#8221; text_line_height=&#8221;1.5em&#8221; header_font=&#8221;Oswald|||on|&#8221; header_text_color=&#8221;#dca57d&#8221; header_font_size=&#8221;16px&#8221; header_letter_spacing=&#8221;2px&#8221; header_line_height=&#8221;1.7em&#8221; header_4_font=&#8221;|||on|||||&#8221; header_4_text_color=&#8221;#dca57d&#8221; header_4_font_size=&#8221;16px&#8221; header_4_letter_spacing=&#8221;1px&#8221; header_4_line_height=&#8221;1.5em&#8221; background_layout=&#8221;dark&#8221; width=&#8221;100%&#8221; custom_margin=&#8221;|||5px|false|false&#8221; custom_padding=&#8221;0px||||false|false&#8221; locked=&#8221;off&#8221; global_colors_info=&#8221;{}&#8221;]<\/p>\n<h3><span>PJ&#8217;s &#8211; SALA STORE<\/span><\/h3>\n<p>145-147 Nguy\u1ec5n C\u01a1 Th\u1ea1ch, Ph\u01b0\u1eddng An L\u1ee3i \u0110\u00f4ng, Qu\u1eadn 2, TP. Th\u1ee7 \u0110\u1ee9c, TPHCM<br \/>Gi\u1edd ho\u1ea1t \u0111\u1ed9ng: 6:00 s\u00e1ng &#8211; 8:00 t\u1ed1i<\/p>\n<h3><span>BRITISH INTERNATIONAL SCHOOL<\/span><\/h3>\n<p>101 Th\u1ea3o \u0110i\u1ec1n, Qu\u1eadn 2, TP. Th\u1ee7 \u0110\u1ee9c, TPHCM<\/p>\n<h3><span>C\u1ea5p 3 &amp; D\u1ef1 b\u1ecb \u0111\u1ea1i h\u1ecdc<br \/><\/span><\/h3>\n<p>246 Nguy\u1ec5n V\u0103n H\u01b0\u1edfng, Qu\u1eadn 2, TP. Th\u1ee7 \u0110\u1ee9c, TPHCM<\/p>\n<p>[\/et_pb_text][\/et_pb_column][et_pb_column type=&#8221;1_4&#8243; _builder_version=&#8221;4.16&#8243; background_enable_color=&#8221;off&#8221; parallax=&#8221;on&#8221; custom_padding=&#8221;||||false|false&#8221; custom_padding_tablet=&#8221;&#8221; custom_padding_phone=&#8221;0px||0px||false|false&#8221; custom_padding_last_edited=&#8221;on|phone&#8221; global_colors_info=&#8221;{}&#8221; custom_padding__hover=&#8221;|||&#8221;][et_pb_text admin_label=&#8221;Tittle&#8221; _builder_version=&#8221;4.19.4&#8243; text_font=&#8221;Oswald||||&#8221; header_2_font=&#8221;Archer Bold Pro|||on|||||&#8221; header_2_text_align=&#8221;center&#8221; header_2_font_size=&#8221;24px&#8221; header_2_letter_spacing=&#8221;2px&#8221; header_2_line_height=&#8221;1.5em&#8221; background_size=&#8221;initial&#8221; background_position=&#8221;top_left&#8221; background_repeat=&#8221;repeat&#8221; background_layout=&#8221;dark&#8221; custom_margin=&#8221;||4%|&#8221; locked=&#8221;off&#8221; global_colors_info=&#8221;{}&#8221;]<\/p>\n<h2>Li\u00ean h\u1ec7 v\u1edbi ch\u00fang t\u00f4i<\/h2>\n<p>[\/et_pb_text][et_pb_image _builder_version=&#8221;4.19.4&#8243; _module_preset=&#8221;default&#8221; global_colors_info=&#8221;{}&#8221;][\/et_pb_image][\/et_pb_column][\/et_pb_row][\/et_pb_section]<\/p>\n","protected":false},"excerpt":{"rendered":"<p>C\u00e0 ph\u00ea \u1ee7 l\u1ea1nhVietnamese CoffeeEspressoC\u00e0 ph\u00ea \u0111\u00e1 xay\u0110\u00e1 XayMocha Velvet Ice L\u1ef1a ch\u1ecdn cho nh\u1eefng t\u00edn \u0111\u1ed3 c\u00e0 ph\u00ea nguy\u00ean b\u1ea3n, v\u1edbi h\u01b0\u01a1ng th\u01a1m \u0111\u1eb7c tr\u01b0ng, h\u1eadu v\u1ecb r\u00f5 n\u00e9t t\u1eeb h\u1ea1t c\u00e0 ph\u00ea rang xay t\u1ea1i ch\u1ed7. Kh\u00f4ng \u0111\u01b0\u1eddng, kh\u00f4ng s\u1eefa, mang \u0111\u1ebfn s\u1ef1 b\u1eebng t\u1ec9nh cho c\u1ea3 ng\u00e0y d\u00e0iVanilla Velvet Ice M\u00e1t l\u1ea1nh, [&hellip;]<\/p>\n","protected":false},"author":9,"featured_media":0,"parent":224063,"menu_order":0,"comment_status":"closed","ping_status":"closed","template":"","meta":{"_et_pb_use_builder":"on","_et_pb_old_content":"","_et_gb_content_width":"","footnotes":""},"class_list":["post-223921","page","type-page","status-publish","hentry"],"yoast_head":"<!-- This site is optimized with the Yoast SEO plugin v26.7 - https:\/\/yoast.com\/wordpress\/plugins\/seo\/ -->\n<title>\u0110\u00e1 Xay &#8211; PJ&#039;s Coffee Vietnam<\/title>\n<meta name=\"robots\" content=\"index, follow, max-snippet:-1, max-image-preview:large, max-video-preview:-1\" \/>\n<link rel=\"canonical\" href=\"https:\/\/pjscoffeevietnam.com\/vi\/ca-phe-u-lanh\/da-xay\/\" \/>\n<meta property=\"og:locale\" content=\"vi_VN\" \/>\n<meta property=\"og:type\" content=\"article\" \/>\n<meta property=\"og:title\" content=\"\u0110\u00e1 Xay &#8211; PJ&#039;s Coffee Vietnam\" \/>\n<meta property=\"og:description\" content=\"C\u00e0 ph\u00ea \u1ee7 l\u1ea1nhVietnamese CoffeeEspressoC\u00e0 ph\u00ea \u0111\u00e1 xay\u0110\u00e1 XayMocha Velvet Ice L\u1ef1a ch\u1ecdn cho nh\u1eefng t\u00edn \u0111\u1ed3 c\u00e0 ph\u00ea nguy\u00ean b\u1ea3n, v\u1edbi h\u01b0\u01a1ng th\u01a1m \u0111\u1eb7c tr\u01b0ng, h\u1eadu v\u1ecb r\u00f5 n\u00e9t t\u1eeb h\u1ea1t c\u00e0 ph\u00ea rang xay t\u1ea1i ch\u1ed7. Kh\u00f4ng \u0111\u01b0\u1eddng, kh\u00f4ng s\u1eefa, mang \u0111\u1ebfn s\u1ef1 b\u1eebng t\u1ec9nh cho c\u1ea3 ng\u00e0y d\u00e0iVanilla Velvet Ice M\u00e1t l\u1ea1nh, [&hellip;]\" \/>\n<meta property=\"og:url\" content=\"https:\/\/pjscoffeevietnam.com\/vi\/ca-phe-u-lanh\/da-xay\/\" \/>\n<meta property=\"og:site_name\" content=\"PJ&#039;s Coffee Vietnam\" \/>\n<meta property=\"article:publisher\" content=\"https:\/\/www.facebook.com\/Pjscoffeevietnam\/\" \/>\n<meta property=\"article:modified_time\" content=\"2025-06-16T09:47:27+00:00\" \/>\n<meta name=\"twitter:card\" content=\"summary_large_image\" \/>\n<meta name=\"twitter:label1\" content=\"Est. reading time\" \/>\n\t<meta name=\"twitter:data1\" content=\"9 minutes\" \/>\n<script type=\"application\/ld+json\" class=\"yoast-schema-graph\">{\"@context\":\"https:\/\/schema.org\",\"@graph\":[{\"@type\":\"WebPage\",\"@id\":\"https:\/\/pjscoffeevietnam.com\/vi\/ca-phe-u-lanh\/da-xay\/\",\"url\":\"https:\/\/pjscoffeevietnam.com\/vi\/ca-phe-u-lanh\/da-xay\/\",\"name\":\"\u0110\u00e1 Xay &#8211; PJ&#039;s Coffee Vietnam\",\"isPartOf\":{\"@id\":\"https:\/\/pjscoffeevietnam.com\/#website\"},\"datePublished\":\"2021-06-07T05:10:41+00:00\",\"dateModified\":\"2025-06-16T09:47:27+00:00\",\"breadcrumb\":{\"@id\":\"https:\/\/pjscoffeevietnam.com\/vi\/ca-phe-u-lanh\/da-xay\/#breadcrumb\"},\"inLanguage\":\"vi-VN\",\"potentialAction\":[{\"@type\":\"ReadAction\",\"target\":[\"https:\/\/pjscoffeevietnam.com\/vi\/ca-phe-u-lanh\/da-xay\/\"]}]},{\"@type\":\"BreadcrumbList\",\"@id\":\"https:\/\/pjscoffeevietnam.com\/vi\/ca-phe-u-lanh\/da-xay\/#breadcrumb\",\"itemListElement\":[{\"@type\":\"ListItem\",\"position\":1,\"name\":\"Home\",\"item\":\"https:\/\/pjscoffeevietnam.com\/vi\/\"},{\"@type\":\"ListItem\",\"position\":2,\"name\":\"C\u00e0 ph\u00ea \u1ee7 l\u1ea1nh\",\"item\":\"https:\/\/pjscoffeevietnam.com\/vi\/ca-phe-u-lanh\/\"},{\"@type\":\"ListItem\",\"position\":3,\"name\":\"\u0110\u00e1 Xay\"}]},{\"@type\":\"WebSite\",\"@id\":\"https:\/\/pjscoffeevietnam.com\/#website\",\"url\":\"https:\/\/pjscoffeevietnam.com\/\",\"name\":\"PJ's Coffee Vietnam\",\"description\":\"PJ&#039;s Coffee of New Orleans\",\"publisher\":{\"@id\":\"https:\/\/pjscoffeevietnam.com\/#organization\"},\"potentialAction\":[{\"@type\":\"SearchAction\",\"target\":{\"@type\":\"EntryPoint\",\"urlTemplate\":\"https:\/\/pjscoffeevietnam.com\/?s={search_term_string}\"},\"query-input\":{\"@type\":\"PropertyValueSpecification\",\"valueRequired\":true,\"valueName\":\"search_term_string\"}}],\"inLanguage\":\"vi-VN\"},{\"@type\":\"Organization\",\"@id\":\"https:\/\/pjscoffeevietnam.com\/#organization\",\"name\":\"PJ's Coffee Vietnam\",\"url\":\"https:\/\/pjscoffeevietnam.com\/\",\"logo\":{\"@type\":\"ImageObject\",\"inLanguage\":\"vi-VN\",\"@id\":\"https:\/\/pjscoffeevietnam.com\/#\/schema\/logo\/image\/\",\"url\":\"https:\/\/pjscoffeevietnam.com\/wp-content\/uploads\/2019\/03\/logo.png\",\"contentUrl\":\"https:\/\/pjscoffeevietnam.com\/wp-content\/uploads\/2019\/03\/logo.png\",\"width\":189,\"height\":200,\"caption\":\"PJ's Coffee Vietnam\"},\"image\":{\"@id\":\"https:\/\/pjscoffeevietnam.com\/#\/schema\/logo\/image\/\"},\"sameAs\":[\"https:\/\/www.facebook.com\/Pjscoffeevietnam\/\",\"https:\/\/www.instagram.com\/pjsvietnam\",\"https:\/\/www.tiktok.com\/@pjsvietnam\"]}]}<\/script>\n<!-- \/ Yoast SEO plugin. -->","yoast_head_json":{"title":"\u0110\u00e1 Xay &#8211; PJ&#039;s Coffee Vietnam","robots":{"index":"index","follow":"follow","max-snippet":"max-snippet:-1","max-image-preview":"max-image-preview:large","max-video-preview":"max-video-preview:-1"},"canonical":"https:\/\/pjscoffeevietnam.com\/vi\/ca-phe-u-lanh\/da-xay\/","og_locale":"vi_VN","og_type":"article","og_title":"\u0110\u00e1 Xay &#8211; PJ&#039;s Coffee Vietnam","og_description":"C\u00e0 ph\u00ea \u1ee7 l\u1ea1nhVietnamese CoffeeEspressoC\u00e0 ph\u00ea \u0111\u00e1 xay\u0110\u00e1 XayMocha Velvet Ice L\u1ef1a ch\u1ecdn cho nh\u1eefng t\u00edn \u0111\u1ed3 c\u00e0 ph\u00ea nguy\u00ean b\u1ea3n, v\u1edbi h\u01b0\u01a1ng th\u01a1m \u0111\u1eb7c tr\u01b0ng, h\u1eadu v\u1ecb r\u00f5 n\u00e9t t\u1eeb h\u1ea1t c\u00e0 ph\u00ea rang xay t\u1ea1i ch\u1ed7. Kh\u00f4ng \u0111\u01b0\u1eddng, kh\u00f4ng s\u1eefa, mang \u0111\u1ebfn s\u1ef1 b\u1eebng t\u1ec9nh cho c\u1ea3 ng\u00e0y d\u00e0iVanilla Velvet Ice M\u00e1t l\u1ea1nh, [&hellip;]","og_url":"https:\/\/pjscoffeevietnam.com\/vi\/ca-phe-u-lanh\/da-xay\/","og_site_name":"PJ&#039;s Coffee Vietnam","article_publisher":"https:\/\/www.facebook.com\/Pjscoffeevietnam\/","article_modified_time":"2025-06-16T09:47:27+00:00","twitter_card":"summary_large_image","twitter_misc":{"Est. reading time":"9 minutes"},"schema":{"@context":"https:\/\/schema.org","@graph":[{"@type":"WebPage","@id":"https:\/\/pjscoffeevietnam.com\/vi\/ca-phe-u-lanh\/da-xay\/","url":"https:\/\/pjscoffeevietnam.com\/vi\/ca-phe-u-lanh\/da-xay\/","name":"\u0110\u00e1 Xay &#8211; PJ&#039;s Coffee Vietnam","isPartOf":{"@id":"https:\/\/pjscoffeevietnam.com\/#website"},"datePublished":"2021-06-07T05:10:41+00:00","dateModified":"2025-06-16T09:47:27+00:00","breadcrumb":{"@id":"https:\/\/pjscoffeevietnam.com\/vi\/ca-phe-u-lanh\/da-xay\/#breadcrumb"},"inLanguage":"vi-VN","potentialAction":[{"@type":"ReadAction","target":["https:\/\/pjscoffeevietnam.com\/vi\/ca-phe-u-lanh\/da-xay\/"]}]},{"@type":"BreadcrumbList","@id":"https:\/\/pjscoffeevietnam.com\/vi\/ca-phe-u-lanh\/da-xay\/#breadcrumb","itemListElement":[{"@type":"ListItem","position":1,"name":"Home","item":"https:\/\/pjscoffeevietnam.com\/vi\/"},{"@type":"ListItem","position":2,"name":"C\u00e0 ph\u00ea \u1ee7 l\u1ea1nh","item":"https:\/\/pjscoffeevietnam.com\/vi\/ca-phe-u-lanh\/"},{"@type":"ListItem","position":3,"name":"\u0110\u00e1 Xay"}]},{"@type":"WebSite","@id":"https:\/\/pjscoffeevietnam.com\/#website","url":"https:\/\/pjscoffeevietnam.com\/","name":"PJ's Coffee Vietnam","description":"PJ&#039;s Coffee of New Orleans","publisher":{"@id":"https:\/\/pjscoffeevietnam.com\/#organization"},"potentialAction":[{"@type":"SearchAction","target":{"@type":"EntryPoint","urlTemplate":"https:\/\/pjscoffeevietnam.com\/?s={search_term_string}"},"query-input":{"@type":"PropertyValueSpecification","valueRequired":true,"valueName":"search_term_string"}}],"inLanguage":"vi-VN"},{"@type":"Organization","@id":"https:\/\/pjscoffeevietnam.com\/#organization","name":"PJ's Coffee Vietnam","url":"https:\/\/pjscoffeevietnam.com\/","logo":{"@type":"ImageObject","inLanguage":"vi-VN","@id":"https:\/\/pjscoffeevietnam.com\/#\/schema\/logo\/image\/","url":"https:\/\/pjscoffeevietnam.com\/wp-content\/uploads\/2019\/03\/logo.png","contentUrl":"https:\/\/pjscoffeevietnam.com\/wp-content\/uploads\/2019\/03\/logo.png","width":189,"height":200,"caption":"PJ's Coffee Vietnam"},"image":{"@id":"https:\/\/pjscoffeevietnam.com\/#\/schema\/logo\/image\/"},"sameAs":["https:\/\/www.facebook.com\/Pjscoffeevietnam\/","https:\/\/www.instagram.com\/pjsvietnam","https:\/\/www.tiktok.com\/@pjsvietnam"]}]}},"_links":{"self":[{"href":"https:\/\/pjscoffeevietnam.com\/vi\/wp-json\/wp\/v2\/pages\/223921","targetHints":{"allow":["GET"]}}],"collection":[{"href":"https:\/\/pjscoffeevietnam.com\/vi\/wp-json\/wp\/v2\/pages"}],"about":[{"href":"https:\/\/pjscoffeevietnam.com\/vi\/wp-json\/wp\/v2\/types\/page"}],"author":[{"embeddable":true,"href":"https:\/\/pjscoffeevietnam.com\/vi\/wp-json\/wp\/v2\/users\/9"}],"replies":[{"embeddable":true,"href":"https:\/\/pjscoffeevietnam.com\/vi\/wp-json\/wp\/v2\/comments?post=223921"}],"version-history":[{"count":0,"href":"https:\/\/pjscoffeevietnam.com\/vi\/wp-json\/wp\/v2\/pages\/223921\/revisions"}],"up":[{"embeddable":true,"href":"https:\/\/pjscoffeevietnam.com\/vi\/wp-json\/wp\/v2\/pages\/224063"}],"wp:attachment":[{"href":"https:\/\/pjscoffeevietnam.com\/vi\/wp-json\/wp\/v2\/media?parent=223921"}],"curies":[{"name":"wp","href":"https:\/\/api.w.org\/{rel}","templated":true}]}}