{"id":223182,"date":"2019-04-02T08:39:21","date_gmt":"2019-04-02T08:39:21","guid":{"rendered":"https:\/\/pjscoffeevietnam.com\/?page_id=223182"},"modified":"2025-04-08T05:08:57","modified_gmt":"2025-04-08T05:08:57","slug":"espresso-dolce","status":"publish","type":"page","link":"https:\/\/pjscoffeevietnam.com\/vi\/huong-vi-the-gioi\/espresso-dolce\/","title":{"rendered":"Espresso Dolce"},"content":{"rendered":"<p>[et_pb_section fb_built=&#8221;1&#8243; _builder_version=&#8221;4.19.4&#8243; background_image=&#8221;https:\/\/pjscoffeevietnam.com\/wp-content\/uploads\/2018\/01\/coffee-item-10.jpg&#8221; top_divider_height=&#8221;0px&#8221; hover_enabled=&#8221;0&#8243; z_index_tablet=&#8221;500&#8243; global_colors_info=&#8221;{}&#8221; height=&#8221;auto&#8221; sticky_enabled=&#8221;0&#8243;][et_pb_row _builder_version=&#8221;4.16&#8243; module_alignment=&#8221;center&#8221; custom_padding=&#8221;0px|0px|0px|0px&#8221; z_index_tablet=&#8221;500&#8243; use_custom_width=&#8221;on&#8221; global_colors_info=&#8221;{}&#8221;][et_pb_column type=&#8221;4_4&#8243; _builder_version=&#8221;4.16&#8243; custom_padding=&#8221;0px|0px|0px|0px&#8221; global_colors_info=&#8221;{}&#8221; custom_padding__hover=&#8221;|||&#8221;][et_pb_text admin_label=&#8221;Page Title&#8221; _builder_version=&#8221;4.19.4&#8243; text_font=&#8221;Open Sans||||||||&#8221; header_text_color=&#8221;#663924&#8243; header_font_size=&#8221;60px&#8221; text_orientation=&#8221;center&#8221; hover_enabled=&#8221;0&#8243; header_font_size_tablet=&#8221;40px&#8221; header_font_size_phone=&#8221;30px&#8221; header_font_size_last_edited=&#8221;on|phone&#8221; z_index_tablet=&#8221;500&#8243; global_colors_info=&#8221;{}&#8221; sticky_enabled=&#8221;0&#8243;]<\/p>\n<h1>Espresso Dolce<\/h1>\n<span><span><a href=\"https:\/\/pjscoffeevietnam.com\/vi\/\">Home<\/a><\/span><\/span>\n<p>[\/et_pb_text][\/et_pb_column][\/et_pb_row][et_pb_row column_structure=&#8221;2_5,3_5&#8243; _builder_version=&#8221;4.16&#8243; max_width=&#8221;1000px&#8221; module_alignment=&#8221;center&#8221; z_index_tablet=&#8221;500&#8243; use_custom_width=&#8221;on&#8221; custom_width_px=&#8221;1000px&#8221; global_colors_info=&#8221;{}&#8221;][et_pb_column type=&#8221;2_5&#8243; _builder_version=&#8221;4.16&#8243; custom_padding=&#8221;|||&#8221; global_colors_info=&#8221;{}&#8221; custom_padding__hover=&#8221;|||&#8221;][et_pb_image src=&#8221;https:\/\/pjscoffeevietnam.com\/wp-content\/uploads\/2019\/04\/label-espresso-dolce.jpg&#8221; align_tablet=&#8221;center&#8221; align_phone=&#8221;&#8221; align_last_edited=&#8221;on|desktop&#8221; _builder_version=&#8221;4.16&#8243; z_index_tablet=&#8221;500&#8243; global_colors_info=&#8221;{}&#8221;][\/et_pb_image][\/et_pb_column][et_pb_column type=&#8221;3_5&#8243; _builder_version=&#8221;4.16&#8243; custom_padding=&#8221;|||&#8221; global_colors_info=&#8221;{}&#8221; custom_padding__hover=&#8221;|||&#8221;][et_pb_text admin_label=&#8221;Description&#8221; _builder_version=&#8221;4.16&#8243; text_text_color=&#8221;#402316&#8243; z_index_tablet=&#8221;500&#8243; global_colors_info=&#8221;{}&#8221;]<\/p>\n<h3><span>S\u00f4 c\u00f4 la \u0111en 85% cacao, H\u1ed7n h\u1ee3p<\/span><\/h3>\n<p><strong>H\u01b0\u01a1ng v\u1ecb:<\/strong> <em>M\u1ea1nh v\u00e0 cay<\/em><\/p>\n<p>L\u00e0 s\u1ef1 h\u00f2a quy\u1ec7n gi\u1eefa nhi\u1ec1u lo\u1ea1i c\u00e0 ph\u00ea c\u1ed5 \u0111i\u1ec3n, \u0111em \u0111\u1ebfn cho b\u1ea1n m\u1ed9t t\u00e1ch c\u00e0 ph\u00ea ng\u1ecdt ng\u00e0o, m\u1ecbn m\u00e0ng v\u00e0 \u0111\u1eadm v\u1ecb s\u00f4 c\u00f4 la.<\/p>\n<div class='one_half'>\n\t\t\t\t\t<h3 class=\"nobottommargin\">\u0110<span>\u1ed9 chua<\/span><\/h3>\n<div class=\"dots acid-range\"><span><\/span><span class=\"empty\"><\/span><span class=\"empty\"><\/span><span class=\"empty\"><\/span><span class=\"empty\"><\/span><\/div>\n\t\t\t\t<\/div><div class='one_half et_column_last'>\n\t\t\t\t\t<h3 class=\"nobottommargin\"><span>\u0110\u1ed9 rang<\/span><\/h3>\n<div class=\"dots acid-range\"><span><\/span><span><\/span><span><\/span><span><\/span><span class=\"empty\"><\/span><\/div>\n\t\t\t\t<\/div><div class='clear'><\/div><\/p>\n<p>&nbsp;<\/p>\n<h4><span>Ngu\u1ed3n g\u1ed1c<\/span>: Honduras, Colombia v\u00e0 Papua New Guinea<\/h4>\n<p>[\/et_pb_text][\/et_pb_column][\/et_pb_row][et_pb_row column_structure=&#8221;2_5,3_5&#8243; _builder_version=&#8221;4.16&#8243; background_color=&#8221;#ffffff&#8221; background_enable_image=&#8221;off&#8221; background_size=&#8221;initial&#8221; max_width=&#8221;1000px&#8221; module_alignment=&#8221;center&#8221; custom_margin=&#8221;||50px||false|false&#8221; custom_padding=&#8221;|7%||5%|false|false&#8221; z_index_tablet=&#8221;500&#8243; border_color_all=&#8221;#6A2976&#8243; border_width_bottom=&#8221;2px&#8221; use_custom_width=&#8221;on&#8221; custom_width_px=&#8221;1000px&#8221; global_colors_info=&#8221;{}&#8221;][et_pb_column type=&#8221;2_5&#8243; _builder_version=&#8221;4.16&#8243; custom_padding=&#8221;|||&#8221; global_colors_info=&#8221;{}&#8221; custom_padding__hover=&#8221;|||&#8221;][et_pb_image src=&#8221;https:\/\/pjscoffeevietnam.com\/wp-content\/uploads\/2021\/06\/Espresso_Dark_Roast_16oz_Bag_1024x1024@2x.jpeg&#8221; title_text=&#8221;Espresso_Dark_Roast_16oz_Bag_1024x1024@2x&#8221; align_tablet=&#8221;center&#8221; align_phone=&#8221;&#8221; align_last_edited=&#8221;on|desktop&#8221; _builder_version=&#8221;4.16&#8243; z_index_tablet=&#8221;500&#8243; border_color_all=&#8221;#D19A0A&#8221; global_colors_info=&#8221;{}&#8221;][\/et_pb_image][\/et_pb_column][et_pb_column type=&#8221;3_5&#8243; _builder_version=&#8221;4.16&#8243; custom_padding=&#8221;|||&#8221; global_colors_info=&#8221;{}&#8221; custom_padding__hover=&#8221;|||&#8221;][et_pb_text admin_label=&#8221;Description&#8221; _builder_version=&#8221;4.16&#8243; text_text_color=&#8221;#402316&#8243; header_3_font=&#8221;||||on||||&#8221; header_3_text_color=&#8221;#663924&#8243; header_3_font_size=&#8221;25px&#8221; z_index_tablet=&#8221;500&#8243; global_colors_info=&#8221;{}&#8221;]<\/p>\n<h3><a href=\"https:\/\/pjscoffeevietnam.com\/vi\/qua-trinh-phat-trien\/nghe-thuat-rang\/\">Collections<\/a><\/h3>\n<p><strong><span>Ch\u1ebf bi\u1ebfn:\u00a0<\/span><\/strong><span>Nguy\u00ean h\u1ea1t, C\u00e0 ph\u00ea nh\u1ecf gi\u1ecdt, Espresso, M\u00e1y \u00e9p ki\u1ec3u Ph\u00e1p, \u1ee7 l\u1ea1nh<\/span><\/p>\n<p><span>T\u00fai c\u00e0 ph\u00ea n\u00e0y l\u00e0 s\u1ef1 pha tr\u1ed9n gi\u1eefa c\u00e1c ki\u1ec3u rang c\u1ed5 \u0111i\u1ec3n t\u1ea1o ra m\u1ed9t lo\u1ea1i c\u00e0 ph\u00ea ng\u1ecdt ng\u00e0o v\u00e0 m\u1ecbn m\u00e0ng v\u1edbi h\u01b0\u01a1ng v\u1ecb s\u00f4 c\u00f4 la \u0111\u1eadm l\u1eafng \u0111\u1ecdng l\u1ea1i trong v\u00f2m mi\u1ec7ng. 1 lb (~0.45kg)\/ t\u00fai.<\/span><\/p>\n<div class='one_half'>\n\t\t\t\t\t\n\t\t\t\t<\/div>\n<p>[\/et_pb_text][et_pb_image src=&#8221;https:\/\/pjscoffeevietnam.com\/wp-content\/uploads\/2021\/06\/logo-dtc.jpg&#8221; title_text=&#8221;logo-dtc&#8221; url=&#8221;@ET-DC@eyJkeW5hbWljIjp0cnVlLCJjb250ZW50IjoicG9zdF9saW5rX3VybF9wYWdlIiwic2V0dGluZ3MiOnsicG9zdF9pZCI6IjIyNTEyMyJ9fQ==@&#8221; align=&#8221;right&#8221; module_class=&#8221;pa-hide-background-image-mobile&#8221; _builder_version=&#8221;4.16&#8243; _dynamic_attributes=&#8221;url&#8221; _module_preset=&#8221;default&#8221; positioning=&#8221;absolute&#8221; position_origin_a=&#8221;top_right&#8221; vertical_offset=&#8221;-94px&#8221; horizontal_offset=&#8221;-170px&#8221; width=&#8221;35%&#8221; border_width_all=&#8221;5px&#8221; border_color_all=&#8221;#FFFFFF&#8221; box_shadow_style=&#8221;preset1&#8243; box_shadow_blur=&#8221;6px&#8221; global_colors_info=&#8221;{}&#8221;][\/et_pb_image][et_pb_button button_url=&#8221;https:\/\/shopee.vn\/C%C3%A0-ph%C3%AA-h%E1%BA%A1t-Arabica-Espresso-Dolce-cao-c%E1%BA%A5p-nh%E1%BA%ADp-kh%E1%BA%A9u-M%E1%BB%B9-PJ&#8217;s-Coffee-rang-%C4%91%E1%BA%ADm-v%E1%BB%8B-chocolate-ng%E1%BB%8Dt-ng%C3%A0o-ph%E1%BB%A9c-t%E1%BA%A1p-150-454gr-i.493427580.9582213699&#8243; button_text=&#8221;Mua Online&#8221; button_alignment=&#8221;left&#8221; admin_label=&#8221;The Coffee Belt Map&#8221; _builder_version=&#8221;4.19.4&#8243; custom_button=&#8221;on&#8221; button_text_size=&#8221;21px&#8221; button_text_color=&#8221;#FFFFFF&#8221; button_bg_color=&#8221;#D19A0A&#8221; button_border_width=&#8221;0&#8243; button_border_radius=&#8221;2&#8243; button_font=&#8221;Archer Bold Pro||||||||&#8221; button_use_icon=&#8221;off&#8221; background_layout=&#8221;dark&#8221; z_index_tablet=&#8221;500&#8243; global_colors_info=&#8221;{}&#8221;][\/et_pb_button][\/et_pb_column][\/et_pb_row][et_pb_row _builder_version=&#8221;4.16&#8243; module_alignment=&#8221;center&#8221; custom_padding=&#8221;0px|0px|0px|0px&#8221; z_index_tablet=&#8221;500&#8243; use_custom_width=&#8221;on&#8221; global_colors_info=&#8221;{}&#8221;][et_pb_column type=&#8221;4_4&#8243; _builder_version=&#8221;4.16&#8243; custom_padding=&#8221;0px|0px|0px|0px&#8221; global_colors_info=&#8221;{}&#8221; custom_padding__hover=&#8221;|||&#8221;][et_pb_button button_url=&#8221;https:\/\/pjscoffeevietnam.com\/vi\/huong-vi-the-gioi\/&#8221; button_text=&#8221;B\u1ea3n \u0110\u1ed3 Chu\u1ed7i C\u1eeda H\u00e0ng&#8221; button_alignment=&#8221;center&#8221; admin_label=&#8221;The Coffee Belt Map&#8221; _builder_version=&#8221;4.16&#8243; custom_button=&#8221;on&#8221; button_text_color=&#8221;#ffffff&#8221; button_bg_color=&#8221;#6a2976&#8243; button_border_width=&#8221;0&#8243; button_border_radius=&#8221;2&#8243; button_font=&#8221;Archer Bold Pro||||||||&#8221; button_icon=&#8221;&#x23;||divi||400&#8243; button_icon_color=&#8221;#ffffff&#8221; button_icon_placement=&#8221;left&#8221; button_on_hover=&#8221;off&#8221; background_layout=&#8221;dark&#8221; z_index_tablet=&#8221;500&#8243; box_shadow_style=&#8221;preset4&#8243; global_colors_info=&#8221;{}&#8221;][\/et_pb_button][\/et_pb_column][\/et_pb_row][\/et_pb_section][et_pb_section fb_built=&#8221;1&#8243; disabled_on=&#8221;off|off|off&#8221; admin_label=&#8221;section&#8221; _builder_version=&#8221;4.19.4&#8243; background_color_gradient_direction=&#8221;90deg&#8221; parallax=&#8221;on&#8221; module_alignment=&#8221;center&#8221; custom_margin_tablet=&#8221;&#8221; custom_margin_phone=&#8221;&#8221; custom_margin_last_edited=&#8221;on|phone&#8221; custom_padding=&#8221;0px||0px||false|false&#8221; hover_enabled=&#8221;0&#8243; border_width_top=&#8221;5px&#8221; border_color_top=&#8221;#D19A0A&#8221; global_module=&#8221;221443&#8243; saved_tabs=&#8221;all&#8221; locked=&#8221;off&#8221; global_colors_info=&#8221;{}&#8221; background_enable_image=&#8221;off&#8221; sticky_enabled=&#8221;0&#8243;][et_pb_row admin_label=&#8221;row&#8221; _builder_version=&#8221;4.16&#8243; background_size=&#8221;initial&#8221; background_position=&#8221;top_left&#8221; background_repeat=&#8221;repeat&#8221; global_colors_info=&#8221;{}&#8221;][et_pb_column type=&#8221;4_4&#8243; _builder_version=&#8221;4.16&#8243; custom_padding=&#8221;|||&#8221; global_colors_info=&#8221;{}&#8221; custom_padding__hover=&#8221;|||&#8221;][\/et_pb_column][\/et_pb_row][\/et_pb_section]<\/p>\n","protected":false},"excerpt":{"rendered":"<p>Espresso Dolce <span><span><a href=\"https:\/\/pjscoffeevietnam.com\/vi\/\">Home<\/a><\/span><\/span>S\u00f4 c\u00f4 la \u0111en 85% cacao, H\u1ed7n h\u1ee3p H\u01b0\u01a1ng v\u1ecb: M\u1ea1nh v\u00e0 cay L\u00e0 s\u1ef1 h\u00f2a quy\u1ec7n gi\u1eefa nhi\u1ec1u lo\u1ea1i c\u00e0 ph\u00ea c\u1ed5 \u0111i\u1ec3n, \u0111em \u0111\u1ebfn cho b\u1ea1n m\u1ed9t t\u00e1ch c\u00e0 ph\u00ea ng\u1ecdt ng\u00e0o, m\u1ecbn m\u00e0ng v\u00e0 \u0111\u1eadm v\u1ecb s\u00f4 c\u00f4 la. <div class='one_half'>\n\t\t\t\t\t\u0110\u1ed9 chua\n\t\t\t\t<\/div><div class='one_half et_column_last'>\n\t\t\t\t\t\u0110\u1ed9 rang\n\t\t\t\t<\/div><div class='clear'><\/div> &nbsp; Ngu\u1ed3n g\u1ed1c: Honduras, [&hellip;]<\/p>\n","protected":false},"author":9,"featured_media":0,"parent":222983,"menu_order":0,"comment_status":"closed","ping_status":"closed","template":"","meta":{"_et_pb_use_builder":"on","_et_pb_old_content":"","_et_gb_content_width":"","footnotes":""},"class_list":["post-223182","page","type-page","status-publish","hentry"],"yoast_head":"<!-- This site is optimized with the Yoast SEO plugin v26.7 - https:\/\/yoast.com\/wordpress\/plugins\/seo\/ -->\n<title>Espresso Dolce &#8211; PJ&#039;s Coffee Vietnam<\/title>\n<meta name=\"robots\" content=\"index, follow, max-snippet:-1, max-image-preview:large, max-video-preview:-1\" \/>\n<link rel=\"canonical\" href=\"https:\/\/pjscoffeevietnam.com\/vi\/drink-the-world\/espresso-dolce\/\" \/>\n<meta property=\"og:locale\" content=\"vi_VN\" \/>\n<meta property=\"og:type\" content=\"article\" \/>\n<meta property=\"og:title\" content=\"Espresso Dolce &#8211; PJ&#039;s Coffee Vietnam\" \/>\n<meta property=\"og:description\" content=\"Espresso Dolce S\u00f4 c\u00f4 la \u0111en 85% cacao, H\u1ed7n h\u1ee3p H\u01b0\u01a1ng v\u1ecb: M\u1ea1nh v\u00e0 cay L\u00e0 s\u1ef1 h\u00f2a quy\u1ec7n gi\u1eefa nhi\u1ec1u lo\u1ea1i c\u00e0 ph\u00ea c\u1ed5 \u0111i\u1ec3n, \u0111em \u0111\u1ebfn cho b\u1ea1n m\u1ed9t t\u00e1ch c\u00e0 ph\u00ea ng\u1ecdt ng\u00e0o, m\u1ecbn m\u00e0ng v\u00e0 \u0111\u1eadm v\u1ecb s\u00f4 c\u00f4 la. &nbsp; Ngu\u1ed3n g\u1ed1c: Honduras, [&hellip;]\" \/>\n<meta property=\"og:url\" content=\"https:\/\/pjscoffeevietnam.com\/drink-the-world\/espresso-dolce\/\" \/>\n<meta property=\"og:site_name\" content=\"PJ&#039;s Coffee Vietnam\" \/>\n<meta property=\"article:publisher\" content=\"https:\/\/www.facebook.com\/Pjscoffeevietnam\/\" \/>\n<meta property=\"article:modified_time\" content=\"2025-04-08T05:08:57+00:00\" \/>\n<meta name=\"twitter:card\" content=\"summary_large_image\" \/>\n<meta name=\"twitter:label1\" content=\"Est. reading time\" \/>\n\t<meta name=\"twitter:data1\" content=\"3 minutes\" \/>\n<script type=\"application\/ld+json\" class=\"yoast-schema-graph\">{\"@context\":\"https:\/\/schema.org\",\"@graph\":[{\"@type\":\"WebPage\",\"@id\":\"https:\/\/pjscoffeevietnam.com\/drink-the-world\/espresso-dolce\/\",\"url\":\"https:\/\/pjscoffeevietnam.com\/drink-the-world\/espresso-dolce\/\",\"name\":\"Espresso Dolce &#8211; PJ&#039;s Coffee Vietnam\",\"isPartOf\":{\"@id\":\"https:\/\/pjscoffeevietnam.com\/#website\"},\"datePublished\":\"2019-04-02T08:39:21+00:00\",\"dateModified\":\"2025-04-08T05:08:57+00:00\",\"breadcrumb\":{\"@id\":\"https:\/\/pjscoffeevietnam.com\/drink-the-world\/espresso-dolce\/#breadcrumb\"},\"inLanguage\":\"vi-VN\",\"potentialAction\":[{\"@type\":\"ReadAction\",\"target\":[\"https:\/\/pjscoffeevietnam.com\/drink-the-world\/espresso-dolce\/\"]}]},{\"@type\":\"BreadcrumbList\",\"@id\":\"https:\/\/pjscoffeevietnam.com\/drink-the-world\/espresso-dolce\/#breadcrumb\",\"itemListElement\":[{\"@type\":\"ListItem\",\"position\":1,\"name\":\"Home\",\"item\":\"https:\/\/pjscoffeevietnam.com\/vi\/\"},{\"@type\":\"ListItem\",\"position\":2,\"name\":\"H\u01b0\u01a1ng v\u1ecb Th\u1ebf gi\u1edbi\",\"item\":\"https:\/\/pjscoffeevietnam.com\/vi\/huong-vi-the-gioi\/\"},{\"@type\":\"ListItem\",\"position\":3,\"name\":\"Espresso Dolce\"}]},{\"@type\":\"WebSite\",\"@id\":\"https:\/\/pjscoffeevietnam.com\/#website\",\"url\":\"https:\/\/pjscoffeevietnam.com\/\",\"name\":\"PJ's Coffee Vietnam\",\"description\":\"PJ&#039;s Coffee of New Orleans\",\"publisher\":{\"@id\":\"https:\/\/pjscoffeevietnam.com\/#organization\"},\"potentialAction\":[{\"@type\":\"SearchAction\",\"target\":{\"@type\":\"EntryPoint\",\"urlTemplate\":\"https:\/\/pjscoffeevietnam.com\/?s={search_term_string}\"},\"query-input\":{\"@type\":\"PropertyValueSpecification\",\"valueRequired\":true,\"valueName\":\"search_term_string\"}}],\"inLanguage\":\"vi-VN\"},{\"@type\":\"Organization\",\"@id\":\"https:\/\/pjscoffeevietnam.com\/#organization\",\"name\":\"PJ's Coffee Vietnam\",\"url\":\"https:\/\/pjscoffeevietnam.com\/\",\"logo\":{\"@type\":\"ImageObject\",\"inLanguage\":\"vi-VN\",\"@id\":\"https:\/\/pjscoffeevietnam.com\/#\/schema\/logo\/image\/\",\"url\":\"https:\/\/pjscoffeevietnam.com\/wp-content\/uploads\/2019\/03\/logo.png\",\"contentUrl\":\"https:\/\/pjscoffeevietnam.com\/wp-content\/uploads\/2019\/03\/logo.png\",\"width\":189,\"height\":200,\"caption\":\"PJ's Coffee Vietnam\"},\"image\":{\"@id\":\"https:\/\/pjscoffeevietnam.com\/#\/schema\/logo\/image\/\"},\"sameAs\":[\"https:\/\/www.facebook.com\/Pjscoffeevietnam\/\",\"https:\/\/www.instagram.com\/pjsvietnam\",\"https:\/\/www.tiktok.com\/@pjsvietnam\"]}]}<\/script>\n<!-- \/ Yoast SEO plugin. -->","yoast_head_json":{"title":"Espresso Dolce &#8211; PJ&#039;s Coffee Vietnam","robots":{"index":"index","follow":"follow","max-snippet":"max-snippet:-1","max-image-preview":"max-image-preview:large","max-video-preview":"max-video-preview:-1"},"canonical":"https:\/\/pjscoffeevietnam.com\/vi\/drink-the-world\/espresso-dolce\/","og_locale":"vi_VN","og_type":"article","og_title":"Espresso Dolce &#8211; PJ&#039;s Coffee Vietnam","og_description":"Espresso Dolce S\u00f4 c\u00f4 la \u0111en 85% cacao, H\u1ed7n h\u1ee3p H\u01b0\u01a1ng v\u1ecb: M\u1ea1nh v\u00e0 cay L\u00e0 s\u1ef1 h\u00f2a quy\u1ec7n gi\u1eefa nhi\u1ec1u lo\u1ea1i c\u00e0 ph\u00ea c\u1ed5 \u0111i\u1ec3n, \u0111em \u0111\u1ebfn cho b\u1ea1n m\u1ed9t t\u00e1ch c\u00e0 ph\u00ea ng\u1ecdt ng\u00e0o, m\u1ecbn m\u00e0ng v\u00e0 \u0111\u1eadm v\u1ecb s\u00f4 c\u00f4 la. &nbsp; Ngu\u1ed3n g\u1ed1c: Honduras, [&hellip;]","og_url":"https:\/\/pjscoffeevietnam.com\/drink-the-world\/espresso-dolce\/","og_site_name":"PJ&#039;s Coffee Vietnam","article_publisher":"https:\/\/www.facebook.com\/Pjscoffeevietnam\/","article_modified_time":"2025-04-08T05:08:57+00:00","twitter_card":"summary_large_image","twitter_misc":{"Est. reading time":"3 minutes"},"schema":{"@context":"https:\/\/schema.org","@graph":[{"@type":"WebPage","@id":"https:\/\/pjscoffeevietnam.com\/drink-the-world\/espresso-dolce\/","url":"https:\/\/pjscoffeevietnam.com\/drink-the-world\/espresso-dolce\/","name":"Espresso Dolce &#8211; PJ&#039;s Coffee Vietnam","isPartOf":{"@id":"https:\/\/pjscoffeevietnam.com\/#website"},"datePublished":"2019-04-02T08:39:21+00:00","dateModified":"2025-04-08T05:08:57+00:00","breadcrumb":{"@id":"https:\/\/pjscoffeevietnam.com\/drink-the-world\/espresso-dolce\/#breadcrumb"},"inLanguage":"vi-VN","potentialAction":[{"@type":"ReadAction","target":["https:\/\/pjscoffeevietnam.com\/drink-the-world\/espresso-dolce\/"]}]},{"@type":"BreadcrumbList","@id":"https:\/\/pjscoffeevietnam.com\/drink-the-world\/espresso-dolce\/#breadcrumb","itemListElement":[{"@type":"ListItem","position":1,"name":"Home","item":"https:\/\/pjscoffeevietnam.com\/vi\/"},{"@type":"ListItem","position":2,"name":"H\u01b0\u01a1ng v\u1ecb Th\u1ebf gi\u1edbi","item":"https:\/\/pjscoffeevietnam.com\/vi\/huong-vi-the-gioi\/"},{"@type":"ListItem","position":3,"name":"Espresso Dolce"}]},{"@type":"WebSite","@id":"https:\/\/pjscoffeevietnam.com\/#website","url":"https:\/\/pjscoffeevietnam.com\/","name":"PJ's Coffee Vietnam","description":"PJ&#039;s Coffee of New Orleans","publisher":{"@id":"https:\/\/pjscoffeevietnam.com\/#organization"},"potentialAction":[{"@type":"SearchAction","target":{"@type":"EntryPoint","urlTemplate":"https:\/\/pjscoffeevietnam.com\/?s={search_term_string}"},"query-input":{"@type":"PropertyValueSpecification","valueRequired":true,"valueName":"search_term_string"}}],"inLanguage":"vi-VN"},{"@type":"Organization","@id":"https:\/\/pjscoffeevietnam.com\/#organization","name":"PJ's Coffee Vietnam","url":"https:\/\/pjscoffeevietnam.com\/","logo":{"@type":"ImageObject","inLanguage":"vi-VN","@id":"https:\/\/pjscoffeevietnam.com\/#\/schema\/logo\/image\/","url":"https:\/\/pjscoffeevietnam.com\/wp-content\/uploads\/2019\/03\/logo.png","contentUrl":"https:\/\/pjscoffeevietnam.com\/wp-content\/uploads\/2019\/03\/logo.png","width":189,"height":200,"caption":"PJ's Coffee Vietnam"},"image":{"@id":"https:\/\/pjscoffeevietnam.com\/#\/schema\/logo\/image\/"},"sameAs":["https:\/\/www.facebook.com\/Pjscoffeevietnam\/","https:\/\/www.instagram.com\/pjsvietnam","https:\/\/www.tiktok.com\/@pjsvietnam"]}]}},"_links":{"self":[{"href":"https:\/\/pjscoffeevietnam.com\/vi\/wp-json\/wp\/v2\/pages\/223182","targetHints":{"allow":["GET"]}}],"collection":[{"href":"https:\/\/pjscoffeevietnam.com\/vi\/wp-json\/wp\/v2\/pages"}],"about":[{"href":"https:\/\/pjscoffeevietnam.com\/vi\/wp-json\/wp\/v2\/types\/page"}],"author":[{"embeddable":true,"href":"https:\/\/pjscoffeevietnam.com\/vi\/wp-json\/wp\/v2\/users\/9"}],"replies":[{"embeddable":true,"href":"https:\/\/pjscoffeevietnam.com\/vi\/wp-json\/wp\/v2\/comments?post=223182"}],"version-history":[{"count":0,"href":"https:\/\/pjscoffeevietnam.com\/vi\/wp-json\/wp\/v2\/pages\/223182\/revisions"}],"up":[{"embeddable":true,"href":"https:\/\/pjscoffeevietnam.com\/vi\/wp-json\/wp\/v2\/pages\/222983"}],"wp:attachment":[{"href":"https:\/\/pjscoffeevietnam.com\/vi\/wp-json\/wp\/v2\/media?parent=223182"}],"curies":[{"name":"wp","href":"https:\/\/api.w.org\/{rel}","templated":true}]}}