{"id":222818,"date":"2018-01-24T03:53:03","date_gmt":"2018-01-24T03:53:03","guid":{"rendered":"https:\/\/pjscoffeevietnam.com\/roasting\/"},"modified":"2025-04-08T04:18:11","modified_gmt":"2025-04-08T04:18:11","slug":"nghe-thuat-rang","status":"publish","type":"page","link":"https:\/\/pjscoffeevietnam.com\/vi\/qua-trinh-phat-trien\/nghe-thuat-rang\/","title":{"rendered":"Ngh\u1ec7 thu\u1eadt Rang"},"content":{"rendered":"<p>[et_pb_section fb_built=&#8221;1&#8243; _builder_version=&#8221;4.19.4&#8243; background_enable_image=&#8221;off&#8221; background_size=&#8221;initial&#8221; background_repeat=&#8221;repeat&#8221; custom_padding=&#8221;100px|0px|50px|0px|false|false&#8221; hover_enabled=&#8221;0&#8243; global_colors_info=&#8221;{}&#8221; height=&#8221;auto&#8221; sticky_enabled=&#8221;0&#8243; background_enable_color=&#8221;off&#8221;][et_pb_row use_custom_gutter=&#8221;on&#8221; make_equal=&#8221;on&#8221; module_class=&#8221; et_pb_row_fullwidth&#8221; _builder_version=&#8221;4.19.4&#8243; background_color=&#8221;#ffffff&#8221; width=&#8221;100%&#8221; width_tablet=&#8221;80%&#8221; width_phone=&#8221;&#8221; width_last_edited=&#8221;on|desktop&#8221; max_width_tablet=&#8221;80%&#8221; max_width_phone=&#8221;&#8221; max_width_last_edited=&#8221;on|desktop&#8221; custom_margin=&#8221;||||false|false&#8221; custom_padding=&#8221;70px|70px|50px|70px|false|false&#8221; border_color_top=&#8221;#6A2976&#8243; border_width_bottom=&#8221;2px&#8221; border_color_bottom=&#8221;#6A2976&#8243; box_shadow_style=&#8221;preset2&#8243; box_shadow_spread=&#8221;-11px&#8221; make_fullwidth=&#8221;on&#8221; global_colors_info=&#8221;{}&#8221;][et_pb_column type=&#8221;4_4&#8243; _builder_version=&#8221;4.16&#8243; custom_padding=&#8221;|||&#8221; global_colors_info=&#8221;{}&#8221; custom_padding__hover=&#8221;|||&#8221;][et_pb_text _builder_version=&#8221;4.19.4&#8243; _module_preset=&#8221;default&#8221; text_text_color=&#8221;#000000&#8243; text_font_size=&#8221;45px&#8221; header_text_color=&#8221;#4f1900&#8243; custom_padding=&#8221;|20px||20px|false|false&#8221; border_color_bottom=&#8221;RGBA(0,0,0,0)&#8221; global_colors_info=&#8221;{}&#8221;]<\/p>\n<p style=\"text-align: center;\">Ngh\u1ec7 thu\u1eadt Rang<\/p>\n<p>[\/et_pb_text][et_pb_divider divider_weight=&#8221;5px&#8221; _builder_version=&#8221;4.16&#8243; _module_preset=&#8221;default&#8221; width=&#8221;16%&#8221; module_alignment=&#8221;center&#8221; global_colors_info=&#8221;{}&#8221;][\/et_pb_divider][et_pb_text _builder_version=&#8221;4.19.4&#8243; _module_preset=&#8221;default&#8221; text_font=&#8221;Montserrat|300|||||||&#8221; text_font_size=&#8221;18px&#8221; text_line_height=&#8221;1.4em&#8221; width=&#8221;100%&#8221; max_width=&#8221;85%&#8221; module_alignment=&#8221;center&#8221; hover_enabled=&#8221;0&#8243; global_colors_info=&#8221;{}&#8221; text_text_color=&#8221;#000000&#8243; sticky_enabled=&#8221;0&#8243;]<\/p>\n<p style=\"text-align: center;\">PJ&#8217;s Coffee ch\u1ec9 s\u1eed d\u1ee5ng 1% h\u1ea1t Arabica \u0111\u1eb7c s\u1ea3n h\u00e0ng \u0111\u1ea7u, cung c\u1ea5p 14 lo\u1ea1i c\u00e0 ph\u00ea xu\u1ea5t x\u1ee9 t\u1eeb Ethiopia \u0111\u1ebfn Honduras, Columbia \u0111\u1ebfn Nicaragua. Lo\u1ea1i c\u00e0 ph\u00ea d\u00e0nh cho ng\u01b0\u1eddi s\u00e0nh \u0103n n\u00e0y \u0111\u01b0\u1ee3c rang theo m\u1ebb nh\u1ecf v\u1edbi s\u1ed1 l\u01b0\u1ee3ng 300lbs tr\u1edf xu\u1ed1ng b\u1edfi Roastmaster Felton Jones, ng\u01b0\u1eddi \u0111\u00e3 c\u00f3 h\u01a1n 25 n\u0103m kinh nghi\u1ec7m v\u1edbi PJ&#8217;s Coffee.<\/p>\n<p>[\/et_pb_text][et_pb_filterable_portfolio fullwidth=&#8221;off&#8221; posts_number=&#8221;50&#8243; show_categories=&#8221;off&#8221; show_pagination=&#8221;off&#8221; zoom_icon_color=&#8221;RGBA(0,0,0,0)&#8221; hover_overlay_color=&#8221;RGBA(0,0,0,0)&#8221; _builder_version=&#8221;4.19.4&#8243; _module_preset=&#8221;default&#8221; filter_text_color=&#8221;#6A2976&#8243; filter_font_size=&#8221;18px&#8221; caption_text_align=&#8221;center&#8221; caption_text_color=&#8221;#000000&#8243; pagination_text_color=&#8221;#000000&#8243; text_orientation=&#8221;center&#8221; border_width_all_image=&#8221;20px&#8221; border_color_all_image=&#8221;RGBA(0,0,0,0)&#8221; border_style_all_image=&#8221;none&#8221; global_colors_info=&#8221;{}&#8221;][\/et_pb_filterable_portfolio][\/et_pb_column][\/et_pb_row][\/et_pb_section][et_pb_section fb_built=&#8221;1&#8243; disabled_on=&#8221;off|off|off&#8221; admin_label=&#8221;Footer&#8221; _builder_version=&#8221;4.16&#8243; background_color_gradient_direction=&#8221;90deg&#8221; parallax=&#8221;on&#8221; module_alignment=&#8221;center&#8221; custom_margin_tablet=&#8221;&#8221; custom_margin_phone=&#8221;&#8221; custom_margin_last_edited=&#8221;on|phone&#8221; custom_padding=&#8221;0px||0px||false|false&#8221; hover_enabled=&#8221;0&#8243; border_width_top=&#8221;5px&#8221; border_color_top=&#8221;#D19A0A&#8221; saved_tabs=&#8221;all&#8221; locked=&#8221;off&#8221; global_colors_info=&#8221;{}&#8221; background_enable_image=&#8221;off&#8221; height=&#8221;auto&#8221; sticky_enabled=&#8221;0&#8243;][et_pb_row column_structure=&#8221;1_4,1_2,1_4&#8243; disabled_on=&#8221;off|off|off&#8221; admin_label=&#8221;Footer Row&#8221; module_class=&#8221; &#8221; _builder_version=&#8221;4.16&#8243; background_enable_color=&#8221;off&#8221; background_size=&#8221;initial&#8221; background_position=&#8221;top_left&#8221; background_repeat=&#8221;repeat&#8221; position_origin_r=&#8221;bottom_right&#8221; width_tablet=&#8221;100%&#8221; width_phone=&#8221;80%&#8221; width_last_edited=&#8221;on|phone&#8221; max_width_tablet=&#8221;100%&#8221; max_width_phone=&#8221;&#8221; max_width_last_edited=&#8221;on|desktop&#8221; module_alignment=&#8221;center&#8221; custom_margin=&#8221;0px||||false|false&#8221; custom_padding=&#8221;50px|0px|50px|0px|false|false&#8221; animation_style=&#8221;fade&#8221; make_fullwidth=&#8221;on&#8221; global_colors_info=&#8221;{}&#8221;][et_pb_column type=&#8221;1_4&#8243; _builder_version=&#8221;4.16&#8243; background_enable_color=&#8221;off&#8221; parallax=&#8221;on&#8221; custom_padding=&#8221;|0px||0px|false|false&#8221; custom_padding_tablet=&#8221;&#8221; custom_padding_phone=&#8221;0px||0px||false|false&#8221; custom_padding_last_edited=&#8221;on|phone&#8221; global_colors_info=&#8221;{}&#8221; custom_padding__hover=&#8221;|||&#8221;][et_pb_image src=&#8221;https:\/\/pjscoffeevietnam.com\/wp-content\/uploads\/2019\/03\/logo.png&#8221; title_text=&#8221;logo&#8221; _builder_version=&#8221;4.16&#8243; _module_preset=&#8221;default&#8221; max_width=&#8221;100px&#8221; global_colors_info=&#8221;{}&#8221;][\/et_pb_image][et_pb_text admin_label=&#8221;Texts&#8221; _builder_version=&#8221;4.16&#8243; text_font=&#8221;Roboto Slab|700|||||||&#8221; text_font_size=&#8221;20px&#8221; text_line_height=&#8221;2.1em&#8221; link_font=&#8221;Roboto Slab|300|||||||&#8221; link_text_color=&#8221;#FFFFFF&#8221; header_font=&#8221;Oswald|||on|&#8221; header_text_color=&#8221;#dca57d&#8221; header_font_size=&#8221;16px&#8221; header_letter_spacing=&#8221;2px&#8221; header_line_height=&#8221;1.7em&#8221; header_4_font=&#8221;Oswald|||on|||||&#8221; header_4_text_color=&#8221;#dca57d&#8221; header_4_font_size=&#8221;16px&#8221; header_4_letter_spacing=&#8221;1px&#8221; header_4_line_height=&#8221;1.5em&#8221; background_layout=&#8221;dark&#8221; custom_margin=&#8221;||6%|&#8221; custom_css_before=&#8221;||&#8221; locked=&#8221;off&#8221; global_colors_info=&#8221;{}&#8221;]<\/p>\n<p><a href=\"https:\/\/pjscoffeevietnam.com\/vi\/lich-su\/\">L\u1ecbch s\u1eed PJ&#8217;s<\/a><br \/><a href=\"https:\/\/pjscoffeevietnam.com\/vi\/covid-19\/\">COVID-19 Safety <\/a><br \/><a href=\"https:\/\/pjscoffeevietnam.com\/vi\/huong-vi-the-gioi\/\">H\u01b0\u01a1ng v\u1ecb th\u1ebf gi\u1edbi<\/a><br \/><a href=\"https:\/\/careers.trginternational.com\/departments\/trg-f-b\">Ngh\u1ec1 nghi\u1ec7p<\/a><br \/><a href=\"https:\/\/www.trginternational.com\/events-overview\/hire-our-venue\/\">Cho thu\u00ea \u0111\u1ecba \u0111i\u1ec3m<\/a><br \/><a href=\"https:\/\/pjscoffeevietnam.com\/vi\/lien-he\/\">Li\u00ean h\u1ec7<\/a><\/p>\n<p>[\/et_pb_text][et_pb_social_media_follow _builder_version=&#8221;4.16&#8243; global_colors_info=&#8221;{}&#8221;][et_pb_social_media_follow_network social_network=&#8221;facebook&#8221; url=&#8221;https:\/\/www.facebook.com\/pjscoffeevietnam\/&#8221; _builder_version=&#8221;4.16&#8243; background_color=&#8221;#3b5998&#8243; global_colors_info=&#8221;{}&#8221; follow_button=&#8221;off&#8221; url_new_window=&#8221;on&#8221;]facebook[\/et_pb_social_media_follow_network][et_pb_social_media_follow_network social_network=&#8221;instagram&#8221; url=&#8221;https:\/\/www.instagram.com\/pjsvietnam\/&#8221; _builder_version=&#8221;4.16&#8243; use_background_color_gradient=&#8221;on&#8221; background_color_gradient_direction=&#8221;199deg&#8221; background_color_gradient_stops=&#8221;#ef2fe9 13%|#fcc335 100%&#8221; background_color_gradient_start=&#8221;#ef2fe9&#8243; background_color_gradient_start_position=&#8221;13%&#8221; background_color_gradient_end=&#8221;#fcc335&#8243; global_colors_info=&#8221;{}&#8221; follow_button=&#8221;off&#8221; url_new_window=&#8221;on&#8221;]instagram[\/et_pb_social_media_follow_network][\/et_pb_social_media_follow][\/et_pb_column][et_pb_column type=&#8221;1_2&#8243; _builder_version=&#8221;4.16&#8243; background_enable_color=&#8221;off&#8221; custom_padding=&#8221;|0px||0px|false|false&#8221; custom_padding_tablet=&#8221;&#8221; custom_padding_phone=&#8221;0px||0px||false|false&#8221; custom_padding_last_edited=&#8221;on|phone&#8221; global_colors_info=&#8221;{}&#8221; custom_padding__hover=&#8221;|||&#8221;][et_pb_text admin_label=&#8221;Texts&#8221; _builder_version=&#8221;4.16&#8243; text_font=&#8221;Roboto Slab|||on|||||&#8221; text_font_size=&#8221;18px&#8221; header_2_font=&#8221;Roboto Slab||||||||&#8221; header_2_text_align=&#8221;left&#8221; header_2_font_size=&#8221;30px&#8221; header_2_letter_spacing=&#8221;2px&#8221; header_2_line_height=&#8221;1.5em&#8221; background_layout=&#8221;dark&#8221; custom_margin=&#8221;||4%||false|false&#8221; custom_margin_tablet=&#8221;&#8221; custom_margin_phone=&#8221;0px||0%||false|false&#8221; custom_margin_last_edited=&#8221;on|phone&#8221; custom_padding=&#8221;|||&#8221; locked=&#8221;off&#8221; global_colors_info=&#8221;{}&#8221;]<\/p>\n<h2>CHU\u1ed6I C\u1eecA H\u00c0NG<\/h2>\n<p>[\/et_pb_text][et_pb_text admin_label=&#8221;Texts&#8221; _builder_version=&#8221;4.16&#8243; text_font=&#8221;||||||||&#8221; header_font=&#8221;Oswald|||on|&#8221; header_text_color=&#8221;#dca57d&#8221; header_font_size=&#8221;16px&#8221; header_letter_spacing=&#8221;2px&#8221; header_line_height=&#8221;1.7em&#8221; header_4_font=&#8221;|||on|||||&#8221; header_4_text_color=&#8221;#dca57d&#8221; header_4_font_size=&#8221;16px&#8221; header_4_letter_spacing=&#8221;1px&#8221; header_4_line_height=&#8221;1.5em&#8221; background_layout=&#8221;dark&#8221; custom_margin=&#8221;||6%|&#8221; custom_padding=&#8221;12px||||false|false&#8221; locked=&#8221;off&#8221; global_colors_info=&#8221;{}&#8221;]<\/p>\n<h3><span style=\"color: #f99c33;\">PJ&#8217;s &#8211; SALA STORE<\/span><\/h3>\n<p>145-147 Nguy\u1ec5n C\u01a1 Th\u1ea1ch, Ph\u01b0\u1eddng An L\u1ee3i \u0110\u00f4ng, Qu\u1eadn 2, TP. Th\u1ee7 \u0110\u1ee9c, TPHCM<br \/>\nSdt: +84 934000591<\/p>\n<p>7:00 s\u00e1ng &#8211; 9:00 t\u1ed1i*[\/et_pb_text][et_pb_text admin_label=&#8221;Texts&#8221; _builder_version=&#8221;4.16&#8243; text_font=&#8221;||||||||&#8221; text_line_height=&#8221;1.5em&#8221; header_font=&#8221;Oswald|||on|&#8221; header_text_color=&#8221;#dca57d&#8221; header_font_size=&#8221;16px&#8221; header_letter_spacing=&#8221;2px&#8221; header_line_height=&#8221;1.7em&#8221; header_4_font=&#8221;|||on|||||&#8221; header_4_text_color=&#8221;#dca57d&#8221; header_4_font_size=&#8221;16px&#8221; header_4_letter_spacing=&#8221;1px&#8221; header_4_line_height=&#8221;1.5em&#8221; background_layout=&#8221;dark&#8221; custom_margin=&#8221;||6%|&#8221; locked=&#8221;off&#8221; global_colors_info=&#8221;{}&#8221;]<\/p>\n<h3><span style=\"color: #f99c33;\">BRITISH INTERNATIONAL SCHOOL<\/span><\/h3>\n<p><span style=\"color: #f99c33;\">C\u01a1 S\u1edf M\u1ea7m Non <\/span><br \/>\n101 Th\u1ea3o \u0110i\u1ec1n, Qu\u1eadn 2, TP. Th\u1ee7 \u0110\u1ee9c, TPHCM<br \/>\nSdt: +84 903000172<\/p>\n<p>6:30 s\u00e1ng &#8211; 3:30 chi\u1ec1u, Th\u1ee9 Hai &#8211; Th\u1ee9 S\u00e1u*[\/et_pb_text][et_pb_text admin_label=&#8221;Texts&#8221; _builder_version=&#8221;4.16&#8243; text_font=&#8221;||||||||&#8221; text_line_height=&#8221;1.5em&#8221; header_font=&#8221;Oswald|||on|&#8221; header_text_color=&#8221;#dca57d&#8221; header_font_size=&#8221;16px&#8221; header_letter_spacing=&#8221;2px&#8221; header_line_height=&#8221;1.7em&#8221; header_4_font=&#8221;|||on|||||&#8221; header_4_text_color=&#8221;#dca57d&#8221; header_4_font_size=&#8221;16px&#8221; header_4_letter_spacing=&#8221;1px&#8221; header_4_line_height=&#8221;1.5em&#8221; background_layout=&#8221;dark&#8221; custom_margin=&#8221;||6%|&#8221; locked=&#8221;off&#8221; global_colors_info=&#8221;{}&#8221;]<span style=\"color: #f99c33;\">C\u1ea5p 3 &amp; D\u1ef1 b\u1ecb \u0111\u1ea1i h\u1ecdc<\/span><br \/>\n<span>246 Nguy\u1ec5n V\u0103n H\u01b0\u1edfng, Qu\u1eadn 2, TP. Th\u1ee7 \u0110\u1ee9c, TPHCM<\/span><br \/>\nSdt: +84 934000631<\/p>\n<p>6:30 s\u00e1ng &#8211; 3:30 chi\u1ec1u, Th\u1ee9 Hai &#8211; Th\u1ee9 S\u00e1u*<\/p>\n<p>* <em>Th\u1eddi gian ho\u1ea1t \u0111\u1ed9ng c\u00f3 th\u1ec3 thay \u0111\u1ed5i kh\u00f4ng \u0111\u01b0\u1ee3c b\u00e1o tr\u01b0\u1edbc<br \/>\n<\/em>[\/et_pb_text][\/et_pb_column][et_pb_column type=&#8221;1_4&#8243; _builder_version=&#8221;4.16&#8243; background_enable_color=&#8221;off&#8221; parallax=&#8221;on&#8221; custom_padding=&#8221;||||false|false&#8221; custom_padding_tablet=&#8221;&#8221; custom_padding_phone=&#8221;0px||0px||false|false&#8221; custom_padding_last_edited=&#8221;on|phone&#8221; global_colors_info=&#8221;{}&#8221; custom_padding__hover=&#8221;|||&#8221;][et_pb_text admin_label=&#8221;Tittle&#8221; _builder_version=&#8221;4.16&#8243; text_font=&#8221;Oswald||||&#8221; header_2_font=&#8221;Archer Bold Pro|||on|||||&#8221; header_2_text_align=&#8221;center&#8221; header_2_font_size=&#8221;24px&#8221; header_2_letter_spacing=&#8221;2px&#8221; header_2_line_height=&#8221;1.5em&#8221; background_size=&#8221;initial&#8221; background_position=&#8221;top_left&#8221; background_repeat=&#8221;repeat&#8221; background_layout=&#8221;dark&#8221; custom_margin=&#8221;||4%|&#8221; locked=&#8221;off&#8221; global_colors_info=&#8221;{}&#8221;]<\/p>\n<h2>GIAO H\u00c0NG ONLINE<\/h2>\n<p>[\/et_pb_text][et_pb_image src=&#8221;https:\/\/pjscoffeevietnam.com\/wp-content\/uploads\/2021\/06\/MicrosoftTeams-image-1.jpg&#8221; title_text=&#8221;MicrosoftTeams-image (1)&#8221; url=&#8221;https:\/\/order.ipos.vn\/menu?pos_parent=PJSCOFFEE&#038;pos_id=29428&#8243; url_new_window=&#8221;on&#8221; align=&#8221;center&#8221; _builder_version=&#8221;4.16&#8243; _module_preset=&#8221;default&#8221; width=&#8221;71%&#8221; border_width_top=&#8221;5px&#8221; border_color_top=&#8221;#FFFFFF&#8221; border_width_right=&#8221;3px&#8221; border_color_right=&#8221;#FFFFFF&#8221; border_width_bottom=&#8221;3px&#8221; border_color_bottom=&#8221;#FFFFFF&#8221; box_shadow_style=&#8221;preset4&#8243; locked=&#8221;off&#8221; global_colors_info=&#8221;{}&#8221;][\/et_pb_image][et_pb_image src=&#8221;http:\/\/pjscoffeevietnam.com\/wp-content\/uploads\/2021\/06\/Capu-01.png&#8221; title_text=&#8221;Capu-01&#8243; src_tablet=&#8221;&#8221; src_phone=&#8221;&#8221; src_last_edited=&#8221;on|phone&#8221; module_class=&#8221;pa-hide-background-image-mobile&#8221; _builder_version=&#8221;4.16&#8243; _module_preset=&#8221;default&#8221; background_enable_image=&#8221;off&#8221; positioning=&#8221;absolute&#8221; position_origin_a=&#8221;bottom_left&#8221; position_origin_f=&#8221;bottom_left&#8221; vertical_offset=&#8221;-397px&#8221; horizontal_offset=&#8221;-252px&#8221; width=&#8221;250%&#8221; global_colors_info=&#8221;{}&#8221;][\/et_pb_image][\/et_pb_column][\/et_pb_row][\/et_pb_section]<\/p>\n","protected":false},"excerpt":{"rendered":"<p>Ngh\u1ec7 thu\u1eadt RangPJ&#8217;s Coffee ch\u1ec9 s\u1eed d\u1ee5ng 1% h\u1ea1t Arabica \u0111\u1eb7c s\u1ea3n h\u00e0ng \u0111\u1ea7u, cung c\u1ea5p 14 lo\u1ea1i c\u00e0 ph\u00ea xu\u1ea5t x\u1ee9 t\u1eeb Ethiopia \u0111\u1ebfn Honduras, Columbia \u0111\u1ebfn Nicaragua. Lo\u1ea1i c\u00e0 ph\u00ea d\u00e0nh cho ng\u01b0\u1eddi s\u00e0nh \u0103n n\u00e0y \u0111\u01b0\u1ee3c rang theo m\u1ebb nh\u1ecf v\u1edbi s\u1ed1 l\u01b0\u1ee3ng 300lbs tr\u1edf xu\u1ed1ng b\u1edfi Roastmaster Felton Jones, ng\u01b0\u1eddi \u0111\u00e3 [&hellip;]<\/p>\n","protected":false},"author":9,"featured_media":0,"parent":222067,"menu_order":0,"comment_status":"closed","ping_status":"closed","template":"","meta":{"_et_pb_use_builder":"on","_et_pb_old_content":"","_et_gb_content_width":"","footnotes":""},"class_list":["post-222818","page","type-page","status-publish","hentry"],"yoast_head":"<!-- This site is optimized with the Yoast SEO plugin v26.7 - https:\/\/yoast.com\/wordpress\/plugins\/seo\/ -->\n<title>Ngh\u1ec7 thu\u1eadt Rang &#8211; PJ&#039;s Coffee Vietnam<\/title>\n<meta name=\"robots\" content=\"index, follow, max-snippet:-1, max-image-preview:large, max-video-preview:-1\" \/>\n<link rel=\"canonical\" href=\"https:\/\/pjscoffeevietnam.com\/vi\/process\/roasting\/\" \/>\n<meta property=\"og:locale\" content=\"vi_VN\" \/>\n<meta property=\"og:type\" content=\"article\" \/>\n<meta property=\"og:title\" content=\"Ngh\u1ec7 thu\u1eadt Rang &#8211; PJ&#039;s Coffee Vietnam\" \/>\n<meta property=\"og:description\" content=\"Ngh\u1ec7 thu\u1eadt RangPJ&#039;s Coffee ch\u1ec9 s\u1eed d\u1ee5ng 1% h\u1ea1t Arabica \u0111\u1eb7c s\u1ea3n h\u00e0ng \u0111\u1ea7u, cung c\u1ea5p 14 lo\u1ea1i c\u00e0 ph\u00ea xu\u1ea5t x\u1ee9 t\u1eeb Ethiopia \u0111\u1ebfn Honduras, Columbia \u0111\u1ebfn Nicaragua. Lo\u1ea1i c\u00e0 ph\u00ea d\u00e0nh cho ng\u01b0\u1eddi s\u00e0nh \u0103n n\u00e0y \u0111\u01b0\u1ee3c rang theo m\u1ebb nh\u1ecf v\u1edbi s\u1ed1 l\u01b0\u1ee3ng 300lbs tr\u1edf xu\u1ed1ng b\u1edfi Roastmaster Felton Jones, ng\u01b0\u1eddi \u0111\u00e3 [&hellip;]\" \/>\n<meta property=\"og:url\" content=\"https:\/\/pjscoffeevietnam.com\/process\/roasting\/\" \/>\n<meta property=\"og:site_name\" content=\"PJ&#039;s Coffee Vietnam\" \/>\n<meta property=\"article:publisher\" content=\"https:\/\/www.facebook.com\/Pjscoffeevietnam\/\" \/>\n<meta property=\"article:modified_time\" content=\"2025-04-08T04:18:11+00:00\" \/>\n<meta name=\"twitter:card\" content=\"summary_large_image\" \/>\n<meta name=\"twitter:label1\" content=\"Est. reading time\" \/>\n\t<meta name=\"twitter:data1\" content=\"3 minutes\" \/>\n<script type=\"application\/ld+json\" class=\"yoast-schema-graph\">{\"@context\":\"https:\/\/schema.org\",\"@graph\":[{\"@type\":\"WebPage\",\"@id\":\"https:\/\/pjscoffeevietnam.com\/process\/roasting\/\",\"url\":\"https:\/\/pjscoffeevietnam.com\/process\/roasting\/\",\"name\":\"Ngh\u1ec7 thu\u1eadt Rang &#8211; PJ&#039;s Coffee Vietnam\",\"isPartOf\":{\"@id\":\"https:\/\/pjscoffeevietnam.com\/#website\"},\"datePublished\":\"2018-01-24T03:53:03+00:00\",\"dateModified\":\"2025-04-08T04:18:11+00:00\",\"breadcrumb\":{\"@id\":\"https:\/\/pjscoffeevietnam.com\/process\/roasting\/#breadcrumb\"},\"inLanguage\":\"vi-VN\",\"potentialAction\":[{\"@type\":\"ReadAction\",\"target\":[\"https:\/\/pjscoffeevietnam.com\/process\/roasting\/\"]}]},{\"@type\":\"BreadcrumbList\",\"@id\":\"https:\/\/pjscoffeevietnam.com\/process\/roasting\/#breadcrumb\",\"itemListElement\":[{\"@type\":\"ListItem\",\"position\":1,\"name\":\"Home\",\"item\":\"https:\/\/pjscoffeevietnam.com\/vi\/\"},{\"@type\":\"ListItem\",\"position\":2,\"name\":\"Qu\u00e1 tr\u00ecnh ph\u00e1t tri\u1ec3n\",\"item\":\"https:\/\/pjscoffeevietnam.com\/process\/\"},{\"@type\":\"ListItem\",\"position\":3,\"name\":\"Ngh\u1ec7 thu\u1eadt Rang\"}]},{\"@type\":\"WebSite\",\"@id\":\"https:\/\/pjscoffeevietnam.com\/#website\",\"url\":\"https:\/\/pjscoffeevietnam.com\/\",\"name\":\"PJ's Coffee Vietnam\",\"description\":\"PJ&#039;s Coffee of New Orleans\",\"publisher\":{\"@id\":\"https:\/\/pjscoffeevietnam.com\/#organization\"},\"potentialAction\":[{\"@type\":\"SearchAction\",\"target\":{\"@type\":\"EntryPoint\",\"urlTemplate\":\"https:\/\/pjscoffeevietnam.com\/?s={search_term_string}\"},\"query-input\":{\"@type\":\"PropertyValueSpecification\",\"valueRequired\":true,\"valueName\":\"search_term_string\"}}],\"inLanguage\":\"vi-VN\"},{\"@type\":\"Organization\",\"@id\":\"https:\/\/pjscoffeevietnam.com\/#organization\",\"name\":\"PJ's Coffee Vietnam\",\"url\":\"https:\/\/pjscoffeevietnam.com\/\",\"logo\":{\"@type\":\"ImageObject\",\"inLanguage\":\"vi-VN\",\"@id\":\"https:\/\/pjscoffeevietnam.com\/#\/schema\/logo\/image\/\",\"url\":\"https:\/\/pjscoffeevietnam.com\/wp-content\/uploads\/2019\/03\/logo.png\",\"contentUrl\":\"https:\/\/pjscoffeevietnam.com\/wp-content\/uploads\/2019\/03\/logo.png\",\"width\":189,\"height\":200,\"caption\":\"PJ's Coffee Vietnam\"},\"image\":{\"@id\":\"https:\/\/pjscoffeevietnam.com\/#\/schema\/logo\/image\/\"},\"sameAs\":[\"https:\/\/www.facebook.com\/Pjscoffeevietnam\/\",\"https:\/\/www.instagram.com\/pjsvietnam\",\"https:\/\/www.tiktok.com\/@pjsvietnam\"]}]}<\/script>\n<!-- \/ Yoast SEO plugin. -->","yoast_head_json":{"title":"Ngh\u1ec7 thu\u1eadt Rang &#8211; PJ&#039;s Coffee Vietnam","robots":{"index":"index","follow":"follow","max-snippet":"max-snippet:-1","max-image-preview":"max-image-preview:large","max-video-preview":"max-video-preview:-1"},"canonical":"https:\/\/pjscoffeevietnam.com\/vi\/process\/roasting\/","og_locale":"vi_VN","og_type":"article","og_title":"Ngh\u1ec7 thu\u1eadt Rang &#8211; PJ&#039;s Coffee Vietnam","og_description":"Ngh\u1ec7 thu\u1eadt RangPJ's Coffee ch\u1ec9 s\u1eed d\u1ee5ng 1% h\u1ea1t Arabica \u0111\u1eb7c s\u1ea3n h\u00e0ng \u0111\u1ea7u, cung c\u1ea5p 14 lo\u1ea1i c\u00e0 ph\u00ea xu\u1ea5t x\u1ee9 t\u1eeb Ethiopia \u0111\u1ebfn Honduras, Columbia \u0111\u1ebfn Nicaragua. Lo\u1ea1i c\u00e0 ph\u00ea d\u00e0nh cho ng\u01b0\u1eddi s\u00e0nh \u0103n n\u00e0y \u0111\u01b0\u1ee3c rang theo m\u1ebb nh\u1ecf v\u1edbi s\u1ed1 l\u01b0\u1ee3ng 300lbs tr\u1edf xu\u1ed1ng b\u1edfi Roastmaster Felton Jones, ng\u01b0\u1eddi \u0111\u00e3 [&hellip;]","og_url":"https:\/\/pjscoffeevietnam.com\/process\/roasting\/","og_site_name":"PJ&#039;s Coffee Vietnam","article_publisher":"https:\/\/www.facebook.com\/Pjscoffeevietnam\/","article_modified_time":"2025-04-08T04:18:11+00:00","twitter_card":"summary_large_image","twitter_misc":{"Est. reading time":"3 minutes"},"schema":{"@context":"https:\/\/schema.org","@graph":[{"@type":"WebPage","@id":"https:\/\/pjscoffeevietnam.com\/process\/roasting\/","url":"https:\/\/pjscoffeevietnam.com\/process\/roasting\/","name":"Ngh\u1ec7 thu\u1eadt Rang &#8211; PJ&#039;s Coffee Vietnam","isPartOf":{"@id":"https:\/\/pjscoffeevietnam.com\/#website"},"datePublished":"2018-01-24T03:53:03+00:00","dateModified":"2025-04-08T04:18:11+00:00","breadcrumb":{"@id":"https:\/\/pjscoffeevietnam.com\/process\/roasting\/#breadcrumb"},"inLanguage":"vi-VN","potentialAction":[{"@type":"ReadAction","target":["https:\/\/pjscoffeevietnam.com\/process\/roasting\/"]}]},{"@type":"BreadcrumbList","@id":"https:\/\/pjscoffeevietnam.com\/process\/roasting\/#breadcrumb","itemListElement":[{"@type":"ListItem","position":1,"name":"Home","item":"https:\/\/pjscoffeevietnam.com\/vi\/"},{"@type":"ListItem","position":2,"name":"Qu\u00e1 tr\u00ecnh ph\u00e1t tri\u1ec3n","item":"https:\/\/pjscoffeevietnam.com\/process\/"},{"@type":"ListItem","position":3,"name":"Ngh\u1ec7 thu\u1eadt Rang"}]},{"@type":"WebSite","@id":"https:\/\/pjscoffeevietnam.com\/#website","url":"https:\/\/pjscoffeevietnam.com\/","name":"PJ's Coffee Vietnam","description":"PJ&#039;s Coffee of New Orleans","publisher":{"@id":"https:\/\/pjscoffeevietnam.com\/#organization"},"potentialAction":[{"@type":"SearchAction","target":{"@type":"EntryPoint","urlTemplate":"https:\/\/pjscoffeevietnam.com\/?s={search_term_string}"},"query-input":{"@type":"PropertyValueSpecification","valueRequired":true,"valueName":"search_term_string"}}],"inLanguage":"vi-VN"},{"@type":"Organization","@id":"https:\/\/pjscoffeevietnam.com\/#organization","name":"PJ's Coffee Vietnam","url":"https:\/\/pjscoffeevietnam.com\/","logo":{"@type":"ImageObject","inLanguage":"vi-VN","@id":"https:\/\/pjscoffeevietnam.com\/#\/schema\/logo\/image\/","url":"https:\/\/pjscoffeevietnam.com\/wp-content\/uploads\/2019\/03\/logo.png","contentUrl":"https:\/\/pjscoffeevietnam.com\/wp-content\/uploads\/2019\/03\/logo.png","width":189,"height":200,"caption":"PJ's Coffee Vietnam"},"image":{"@id":"https:\/\/pjscoffeevietnam.com\/#\/schema\/logo\/image\/"},"sameAs":["https:\/\/www.facebook.com\/Pjscoffeevietnam\/","https:\/\/www.instagram.com\/pjsvietnam","https:\/\/www.tiktok.com\/@pjsvietnam"]}]}},"_links":{"self":[{"href":"https:\/\/pjscoffeevietnam.com\/vi\/wp-json\/wp\/v2\/pages\/222818","targetHints":{"allow":["GET"]}}],"collection":[{"href":"https:\/\/pjscoffeevietnam.com\/vi\/wp-json\/wp\/v2\/pages"}],"about":[{"href":"https:\/\/pjscoffeevietnam.com\/vi\/wp-json\/wp\/v2\/types\/page"}],"author":[{"embeddable":true,"href":"https:\/\/pjscoffeevietnam.com\/vi\/wp-json\/wp\/v2\/users\/9"}],"replies":[{"embeddable":true,"href":"https:\/\/pjscoffeevietnam.com\/vi\/wp-json\/wp\/v2\/comments?post=222818"}],"version-history":[{"count":0,"href":"https:\/\/pjscoffeevietnam.com\/vi\/wp-json\/wp\/v2\/pages\/222818\/revisions"}],"up":[{"embeddable":true,"href":"https:\/\/pjscoffeevietnam.com\/vi\/wp-json\/wp\/v2\/pages\/222067"}],"wp:attachment":[{"href":"https:\/\/pjscoffeevietnam.com\/vi\/wp-json\/wp\/v2\/media?parent=222818"}],"curies":[{"name":"wp","href":"https:\/\/api.w.org\/{rel}","templated":true}]}}