{"id":222811,"date":"2018-01-11T09:16:21","date_gmt":"2018-01-11T09:16:21","guid":{"rendered":"https:\/\/pjscoffeevietnam.com\/coffee\/"},"modified":"2019-03-29T09:36:22","modified_gmt":"2019-03-29T09:36:22","slug":"ca-phe","status":"publish","type":"page","link":"https:\/\/pjscoffeevietnam.com\/vi\/ca-phe\/","title":{"rendered":"C\u00e0 ph\u00ea"},"content":{"rendered":"<p>[et_pb_section fb_built=&#8221;1&#8243; fullwidth=&#8221;on&#8221; admin_label=&#8221;Header Section&#8221; _builder_version=&#8221;3.13.1&#8243; background_image=&#8221;https:\/\/pjscoffeevietnam.com\/wp-content\/uploads\/2018\/02\/1-cup-bag-high-angle-WWL_1061_01.jpg&#8221; custom_padding=&#8221;|||&#8221; locked=&#8221;off&#8221;][et_pb_fullwidth_header title=&#8221;C\u00e0 ph\u00ea&#8221; subhead=&#8221;Nh\u1eefng m\u00f3n c\u00e0 ph\u00ea \u0111\u1eb7c tr\u01b0ng c\u1ee7a ch\u00fang t\u00f4i.&#8221; text_orientation=&#8221;center&#8221; scroll_down_icon_color=&#8221;#ffffff&#8221; background_overlay_color=&#8221;rgba(28,5,35,0.15)&#8221; content_max_width_last_edited=&#8221;off|desktop&#8221; admin_label=&#8221;Contents&#8221; _builder_version=&#8221;3.21.1&#8243; title_font=&#8221;Oswald|||on|&#8221; title_text_align=&#8221;center&#8221; title_font_size=&#8221;80px&#8221; title_font_size_tablet=&#8221;60px&#8221; title_font_size_phone=&#8221;40px&#8221; title_font_size_last_edited=&#8221;on|phone&#8221; title_letter_spacing=&#8221;0.1em&#8221; title_line_height=&#8221;1.5em&#8221; content_line_height=&#8221;1.7em&#8221; subhead_font=&#8221;Nunito|600|||||||&#8221; subhead_font_size=&#8221;20px&#8221; subhead_line_height=&#8221;1.9em&#8221; background_color=&#8221;rgba(106,41,118,0.17)&#8221; parallax=&#8221;on&#8221; parallax_method=&#8221;on&#8221; custom_button_one=&#8221;on&#8221; button_one_text_size=&#8221;15px&#8221; button_one_bg_color=&#8221;#dca57d&#8221; button_one_border_width=&#8221;10px&#8221; button_one_border_color=&#8221;#dca57d&#8221; button_one_border_radius=&#8221;0px&#8221; button_one_letter_spacing=&#8221;3px&#8221; button_one_font=&#8221;Oswald|||on|&#8221; button_one_use_icon=&#8221;off&#8221; custom_margin=&#8221;|||&#8221; custom_padding=&#8221;5%||5%|&#8221; animation_style=&#8221;fade&#8221; animation_starting_opacity=&#8221;50%&#8221; animation_speed_curve=&#8221;ease-in&#8221; z_index_tablet=&#8221;500&#8243; button_one_text_size__hover_enabled=&#8221;off&#8221; button_one_text_size__hover=&#8221;null&#8221; button_two_text_size__hover_enabled=&#8221;off&#8221; button_two_text_size__hover=&#8221;null&#8221; button_one_text_color__hover_enabled=&#8221;off&#8221; button_one_text_color__hover=&#8221;null&#8221; button_two_text_color__hover_enabled=&#8221;off&#8221; button_two_text_color__hover=&#8221;null&#8221; button_one_border_width__hover_enabled=&#8221;off&#8221; button_one_border_width__hover=&#8221;null&#8221; button_two_border_width__hover_enabled=&#8221;off&#8221; button_two_border_width__hover=&#8221;null&#8221; button_one_border_color__hover_enabled=&#8221;on&#8221; button_one_border_color__hover=&#8221;#c99872&#8243; button_two_border_color__hover_enabled=&#8221;off&#8221; button_two_border_color__hover=&#8221;null&#8221; button_one_border_radius__hover_enabled=&#8221;on&#8221; button_one_border_radius__hover=&#8221;0px&#8221; button_two_border_radius__hover_enabled=&#8221;off&#8221; button_two_border_radius__hover=&#8221;null&#8221; button_one_letter_spacing__hover_enabled=&#8221;on&#8221; button_one_letter_spacing__hover=&#8221;3px&#8221; button_two_letter_spacing__hover_enabled=&#8221;off&#8221; button_two_letter_spacing__hover=&#8221;null&#8221; button_one_bg_color__hover_enabled=&#8221;on&#8221; button_one_bg_color__hover=&#8221;#c99872&#8243; button_two_bg_color__hover_enabled=&#8221;off&#8221; button_two_bg_color__hover=&#8221;null&#8221;][\/et_pb_fullwidth_header][\/et_pb_section][et_pb_section fb_built=&#8221;1&#8243; _builder_version=&#8221;3.0.95&#8243;][et_pb_row custom_padding=&#8221;10px|0px|27px|0px&#8221; _builder_version=&#8221;3.0.106&#8243; border_radii=&#8221;on|20px|20px|20px|20px&#8221;][et_pb_column type=&#8221;4_4&#8243; _builder_version=&#8221;3.0.47&#8243;][et_pb_text _builder_version=&#8221;3.21.1&#8243; text_font=&#8221;Roboto|300||on|||||&#8221; text_text_color=&#8221;#6a2976&#8243; text_font_size=&#8221;35px&#8221; header_font=&#8221;||||||||&#8221;]<\/p>\n<p>\n<span style=\"color: #0c0c0c;\">C\u00c0 PH\u00ca \u1ee6 L\u1ea0NH<\/span><\/p>\n<p>[\/et_pb_text][et_pb_shop type=&#8221;product_category&#8221; posts_number=&#8221;20&#8243; include_categories=&#8221;26&#8243; columns_number=&#8221;3&#8243; sale_badge_color=&#8221;#8c8c8c&#8221; _builder_version=&#8221;3.11.1&#8243; title_font=&#8221;Roboto|300|||||||&#8221; title_text_align=&#8221;center&#8221; title_font_size=&#8221;25px&#8221; price_font=&#8221;Roboto||||||||&#8221; price_text_align=&#8221;center&#8221; price_font_size=&#8221;16px&#8221;][\/et_pb_shop][et_pb_text _builder_version=&#8221;3.0.97&#8243; text_font=&#8221;Roboto|300||on|||||&#8221; text_text_color=&#8221;#6a2976&#8243; text_font_size=&#8221;35px&#8221; header_font=&#8221;||||||||&#8221;]<\/p>\n<p>\n<span style=\"color: #0c0c0c;\">Granita<\/span><\/p>\n<p>[\/et_pb_text][et_pb_shop type=&#8221;product_category&#8221; posts_number=&#8221;20&#8243; include_categories=&#8221;123&#8243; columns_number=&#8221;3&#8243; sale_badge_color=&#8221;#8c8c8c&#8221; _builder_version=&#8221;3.11.1&#8243; title_font=&#8221;Roboto|300|||||||&#8221; title_text_align=&#8221;center&#8221; title_font_size=&#8221;25px&#8221; price_font=&#8221;Roboto||||||||&#8221; price_text_align=&#8221;center&#8221; price_font_size=&#8221;16px&#8221;][\/et_pb_shop][et_pb_text _builder_version=&#8221;3.0.97&#8243; text_font=&#8221;Roboto|300||on|||||&#8221; text_text_color=&#8221;#6a2976&#8243; text_font_size=&#8221;35px&#8221; header_font=&#8221;||||||||&#8221;]<\/p>\n<p>\n<span style=\"color: #0c0c0c;\">Espresso<\/span><\/p>\n<p>[\/et_pb_text][et_pb_shop type=&#8221;product_category&#8221; posts_number=&#8221;20&#8243; include_categories=&#8221;122&#8243; columns_number=&#8221;3&#8243; sale_badge_color=&#8221;#8c8c8c&#8221; _builder_version=&#8221;3.11.1&#8243; title_font=&#8221;Roboto|300|||||||&#8221; title_text_align=&#8221;center&#8221; title_font_size=&#8221;25px&#8221; price_font=&#8221;Roboto||||||||&#8221; price_text_align=&#8221;center&#8221; price_font_size=&#8221;16px&#8221;][\/et_pb_shop][et_pb_text _builder_version=&#8221;3.0.97&#8243; text_font=&#8221;Roboto|300||on|||||&#8221; text_text_color=&#8221;#6a2976&#8243; text_font_size=&#8221;35px&#8221; header_font=&#8221;||||||||&#8221;]<\/p>\n<p>\n<span style=\"color: #0c0c0c;\">Hot Brew<\/span><\/p>\n<p>[\/et_pb_text][et_pb_shop type=&#8221;product_category&#8221; posts_number=&#8221;20&#8243; include_categories=&#8221;121&#8243; columns_number=&#8221;3&#8243; sale_badge_color=&#8221;#8c8c8c&#8221; _builder_version=&#8221;3.11.1&#8243; title_font=&#8221;Roboto|300|||||||&#8221; title_text_align=&#8221;center&#8221; title_font_size=&#8221;25px&#8221; price_font=&#8221;Roboto||||||||&#8221; price_text_align=&#8221;center&#8221; price_font_size=&#8221;16px&#8221;][\/et_pb_shop][\/et_pb_column][\/et_pb_row][\/et_pb_section][et_pb_section fb_built=&#8221;1&#8243; disabled_on=&#8221;off|off|off&#8221; admin_label=&#8221;Footer&#8221; _builder_version=&#8221;3.0.106&#8243; background_color_gradient_direction=&#8221;90deg&#8221; background_image=&#8221;http:\/\/pjscoffeevietnam.com\/wp-content\/uploads\/2018\/03\/PJs-Sala-background.jpg&#8221; parallax=&#8221;on&#8221; custom_padding=&#8221;0px|0px|0px|0px&#8221; global_module=&#8221;222882&#8243; saved_tabs=&#8221;all&#8221; locked=&#8221;off&#8221;][et_pb_row make_fullwidth=&#8221;on&#8221; use_custom_gutter=&#8221;on&#8221; gutter_width=&#8221;1&#8243; custom_padding=&#8221;0|0px|0px|0px&#8221; custom_margin=&#8221;|||&#8221; make_equal=&#8221;on&#8221; background_color_1=&#8221;rgba(12,2,0,0.43)&#8221; background_color_2=&#8221;#6a2976&#8243; parallax_1=&#8221;on&#8221; use_background_color_gradient_1=&#8221;off&#8221; background_color_gradient_start_1=&#8221;#000000&#8243; background_color_gradient_end_1=&#8221;#000000&#8243; background_color_gradient_overlays_image_1=&#8221;off&#8221; padding_top_1=&#8221;100px&#8221; padding_top_2=&#8221;100px&#8221; padding_right_1=&#8221;10%&#8221; padding_right_2=&#8221;10%&#8221; padding_bottom_1=&#8221;100px&#8221; padding_bottom_2=&#8221;100px&#8221; padding_left_1=&#8221;10%&#8221; padding_left_2=&#8221;10%&#8221; padding_1_last_edited=&#8221;on|phone&#8221; disabled_on=&#8221;off|off|off&#8221; admin_label=&#8221;Footer Row&#8221; _builder_version=&#8221;3.0.106&#8243; background_color=&#8221;rgba(106,41,118,0.18)&#8221; background_size=&#8221;initial&#8221; background_position=&#8221;top_left&#8221; background_repeat=&#8221;repeat&#8221; animation_style=&#8221;fade&#8221;][et_pb_column type=&#8221;1_2&#8243; _builder_version=&#8221;3.0.47&#8243;][et_pb_text admin_label=&#8221;Tittle&#8221; _builder_version=&#8221;3.5.1&#8243; text_font=&#8221;Oswald||||&#8221; header_2_font=&#8221;Oswald|||on|||||&#8221; header_2_text_align=&#8221;left&#8221; header_2_font_size=&#8221;40px&#8221; header_2_letter_spacing=&#8221;2px&#8221; header_2_line_height=&#8221;1.5em&#8221; background_size=&#8221;initial&#8221; background_position=&#8221;top_left&#8221; background_repeat=&#8221;repeat&#8221; background_layout=&#8221;dark&#8221; custom_margin=&#8221;||4%|&#8221; locked=&#8221;off&#8221;]<\/p>\n<h2>\u0110\u1ebeN V\u1edaI CH\u00daNG T\u00d4I!<\/h2>\n<p>[\/et_pb_text][et_pb_text admin_label=&#8221;Texts&#8221; _builder_version=&#8221;3.21.1&#8243; text_font=&#8221;Nunito||||&#8221; text_font_size=&#8221;16px&#8221; text_line_height=&#8221;1.5em&#8221; header_font=&#8221;Oswald|||on|&#8221; header_text_color=&#8221;#dca57d&#8221; header_font_size=&#8221;16px&#8221; header_letter_spacing=&#8221;2px&#8221; header_line_height=&#8221;1.7em&#8221; header_4_font=&#8221;Oswald|||on|||||&#8221; header_4_text_color=&#8221;#dca57d&#8221; header_4_font_size=&#8221;16px&#8221; header_4_letter_spacing=&#8221;1px&#8221; header_4_line_height=&#8221;1.5em&#8221; background_layout=&#8221;dark&#8221; custom_margin=&#8221;||6%|&#8221; locked=&#8221;off&#8221;]<\/p>\n<h4><span style=\"color: #f99c33;\">Th\u1ee9 Hai &#8211; Ch\u1ee7 Nh\u1eadt<\/span><\/h4>\n<p>07AM &#8211; 09PM<\/p>\n<p>[\/et_pb_text][et_pb_text admin_label=&#8221;Tittle&#8221; _builder_version=&#8221;3.21.1&#8243; text_font=&#8221;Oswald||||&#8221; header_2_font=&#8221;Oswald|||on|||||&#8221; header_2_text_align=&#8221;left&#8221; header_2_font_size=&#8221;40px&#8221; header_2_letter_spacing=&#8221;2px&#8221; header_2_line_height=&#8221;1.5em&#8221; background_size=&#8221;initial&#8221; background_position=&#8221;top_left&#8221; background_repeat=&#8221;repeat&#8221; background_layout=&#8221;dark&#8221; custom_margin=&#8221;||4%|&#8221; locked=&#8221;off&#8221;]<\/p>\n<h2>PJ&#8217;S MENU<\/h2>\n<p>[\/et_pb_text][et_pb_button button_url=&#8221;https:\/\/pjscoffeevietnam.com\/vi\/ca-phe\/&#8221; button_text=&#8221;KH\u00c1M PH\u00c1 NGAY&#8221; _builder_version=&#8221;3.21.1&#8243; z_index_tablet=&#8221;500&#8243; button_text_size__hover_enabled=&#8221;off&#8221; button_one_text_size__hover_enabled=&#8221;off&#8221; button_two_text_size__hover_enabled=&#8221;off&#8221; button_text_color__hover_enabled=&#8221;off&#8221; button_one_text_color__hover_enabled=&#8221;off&#8221; button_two_text_color__hover_enabled=&#8221;off&#8221; button_border_width__hover_enabled=&#8221;off&#8221; button_one_border_width__hover_enabled=&#8221;off&#8221; button_two_border_width__hover_enabled=&#8221;off&#8221; button_border_color__hover_enabled=&#8221;off&#8221; button_one_border_color__hover_enabled=&#8221;off&#8221; button_two_border_color__hover_enabled=&#8221;off&#8221; button_border_radius__hover_enabled=&#8221;off&#8221; button_one_border_radius__hover_enabled=&#8221;off&#8221; button_two_border_radius__hover_enabled=&#8221;off&#8221; button_letter_spacing__hover_enabled=&#8221;off&#8221; button_one_letter_spacing__hover_enabled=&#8221;off&#8221; button_two_letter_spacing__hover_enabled=&#8221;off&#8221; button_bg_color__hover_enabled=&#8221;off&#8221; button_one_bg_color__hover_enabled=&#8221;off&#8221; button_two_bg_color__hover_enabled=&#8221;off&#8221;][\/et_pb_button][\/et_pb_column][et_pb_column type=&#8221;1_2&#8243; _builder_version=&#8221;3.0.47&#8243;][et_pb_text admin_label=&#8221;Texts&#8221; _builder_version=&#8221;3.5.1&#8243; text_font=&#8221;Oswald||||&#8221; header_2_font=&#8221;Oswald|||on|||||&#8221; header_2_text_align=&#8221;left&#8221; header_2_font_size=&#8221;40px&#8221; header_2_letter_spacing=&#8221;2px&#8221; header_2_line_height=&#8221;1.5em&#8221; background_layout=&#8221;dark&#8221; custom_margin=&#8221;||4%|&#8221; custom_padding=&#8221;|||&#8221; locked=&#8221;off&#8221;]<\/p>\n<h2>CHU\u1ed6I C\u1eecA H\u00c0NG<\/h2>\n<p>[\/et_pb_text][et_pb_text admin_label=&#8221;Texts&#8221; _builder_version=&#8221;3.21.1&#8243; text_font=&#8221;Nunito||||&#8221; text_font_size=&#8221;16px&#8221; header_font=&#8221;Oswald|||on|&#8221; header_text_color=&#8221;#dca57d&#8221; header_font_size=&#8221;16px&#8221; header_letter_spacing=&#8221;2px&#8221; header_line_height=&#8221;1.7em&#8221; header_4_font=&#8221;Oswald|||on|||||&#8221; header_4_text_color=&#8221;#dca57d&#8221; header_4_font_size=&#8221;16px&#8221; header_4_letter_spacing=&#8221;1px&#8221; header_4_line_height=&#8221;1.5em&#8221; background_layout=&#8221;dark&#8221; custom_margin=&#8221;||6%|&#8221; locked=&#8221;off&#8221;]<\/p>\n<h4><span style=\"color: #f99c33;\">PJ&#8217;s &#8211; C\u1eecA H\u00c0NG SALA<br \/>\n<\/span><\/h4>\n<p>145-147 Nguy\u1ec5n C\u01a1 Th\u1ea1ch, Ph\u01b0\u1eddng An L\u1ee3i \u0110\u00f4ng, Qu\u1eadn 2, HCM<br \/>\nS\u1ed1 \u0111i\u1ec7n tho\u1ea1i: +84 934000591<\/p>\n<p>[\/et_pb_text][et_pb_text admin_label=&#8221;Texts&#8221; _builder_version=&#8221;3.21.1&#8243; text_font=&#8221;Nunito||||&#8221; text_font_size=&#8221;16px&#8221; text_line_height=&#8221;1.5em&#8221; header_font=&#8221;Oswald|||on|&#8221; header_text_color=&#8221;#dca57d&#8221; header_font_size=&#8221;16px&#8221; header_letter_spacing=&#8221;2px&#8221; header_line_height=&#8221;1.7em&#8221; header_4_font=&#8221;Oswald|||on|||||&#8221; header_4_text_color=&#8221;#dca57d&#8221; header_4_font_size=&#8221;16px&#8221; header_4_letter_spacing=&#8221;1px&#8221; header_4_line_height=&#8221;1.5em&#8221; background_layout=&#8221;dark&#8221; custom_margin=&#8221;||6%|&#8221; locked=&#8221;off&#8221;]<\/p>\n<h4><span style=\"color: #f99c33;\">PJ&#8217;S &#8211; VINCOM CENTER \u0110\u1ed2NG KH\u1edeI<\/span><\/h4>\n<p>15B-B3, 72 L\u00ea Th\u00e1nh T\u00f4n, Qu\u1eadn 1, HCM<br \/>\nS\u1ed1 \u0111i\u1ec7n tho\u1ea1i: +84 934000631<\/p>\n<p>[\/et_pb_text][et_pb_text admin_label=&#8221;Texts&#8221; _builder_version=&#8221;3.21.1&#8243; text_font=&#8221;Nunito||||&#8221; text_font_size=&#8221;16px&#8221; text_line_height=&#8221;1.5em&#8221; header_font=&#8221;Oswald|||on|&#8221; header_text_color=&#8221;#dca57d&#8221; header_font_size=&#8221;16px&#8221; header_letter_spacing=&#8221;2px&#8221; header_line_height=&#8221;1.7em&#8221; header_4_font=&#8221;Oswald|||on|||||&#8221; header_4_text_color=&#8221;#dca57d&#8221; header_4_font_size=&#8221;16px&#8221; header_4_letter_spacing=&#8221;1px&#8221; header_4_line_height=&#8221;1.5em&#8221; background_layout=&#8221;dark&#8221; custom_margin=&#8221;||6%|&#8221; locked=&#8221;off&#8221;]<\/p>\n<h4><span style=\"color: #f99c33;\">PJ&#8217;s &#8211; BRITISH INTERNATIONAL SCHOOL<\/span><\/h4>\n<p>101 Th\u1ea3o \u0110i\u1ec1n, Qu\u1eadn 2, HCM<br \/>\nS\u1ed1 \u0111i\u1ec7n tho\u1ea1i: +84 903000172<\/p>\n<p>[\/et_pb_text][et_pb_social_media_follow _builder_version=&#8221;3.0.97&#8243;][et_pb_social_media_follow_network social_network=&#8221;facebook&#8221; url=&#8221;https:\/\/www.facebook.com\/pjscoffeevietnam\/&#8221; _builder_version=&#8221;3.0.97&#8243; background_color=&#8221;#3b5998&#8243; follow_button=&#8221;off&#8221; url_new_window=&#8221;on&#8221;]facebook[\/et_pb_social_media_follow_network][et_pb_social_media_follow_network social_network=&#8221;instagram&#8221; url=&#8221;https:\/\/www.instagram.com\/pjsvietnam\/&#8221; _builder_version=&#8221;3.0.97&#8243; use_background_color_gradient=&#8221;on&#8221; background_color_gradient_start=&#8221;#ef2fe9&#8243; background_color_gradient_end=&#8221;#fcc335&#8243; background_color_gradient_direction=&#8221;199deg&#8221; background_color_gradient_start_position=&#8221;13%&#8221; follow_button=&#8221;off&#8221; url_new_window=&#8221;on&#8221;]instagram[\/et_pb_social_media_follow_network][\/et_pb_social_media_follow][\/et_pb_column][\/et_pb_row][\/et_pb_section]<\/p>\n","protected":false},"excerpt":{"rendered":"<p>C\u00c0 PH\u00ca \u1ee6 L\u1ea0NH Granita Espresso Hot Brew \u0110\u1ebeN V\u1edaI CH\u00daNG T\u00d4I!Th\u1ee9 Hai &#8211; Ch\u1ee7 Nh\u1eadt 07AM &#8211; 09PMPJ&#8217;S MENUCHU\u1ed6I C\u1eecA H\u00c0NGPJ&#8217;s &#8211; C\u1eecA H\u00c0NG SALA 145-147 Nguy\u1ec5n C\u01a1 Th\u1ea1ch, Ph\u01b0\u1eddng An L\u1ee3i \u0110\u00f4ng, Qu\u1eadn 2, HCM S\u1ed1 \u0111i\u1ec7n tho\u1ea1i: +84 934000591PJ&#8217;S &#8211; VINCOM CENTER \u0110\u1ed2NG KH\u1edeI 15B-B3, 72 L\u00ea Th\u00e1nh T\u00f4n, Qu\u1eadn 1, HCM [&hellip;]<\/p>\n","protected":false},"author":9,"featured_media":0,"parent":0,"menu_order":0,"comment_status":"closed","ping_status":"closed","template":"","meta":{"_et_pb_use_builder":"on","_et_pb_old_content":"","_et_gb_content_width":"","footnotes":""},"class_list":["post-222811","page","type-page","status-publish","hentry"],"yoast_head":"<!-- This site is optimized with the Yoast SEO plugin v26.7 - https:\/\/yoast.com\/wordpress\/plugins\/seo\/ -->\n<title>C\u00e0 ph\u00ea &#8211; PJ&#039;s Coffee Vietnam<\/title>\n<meta name=\"robots\" content=\"index, follow, max-snippet:-1, max-image-preview:large, max-video-preview:-1\" \/>\n<link rel=\"canonical\" href=\"https:\/\/pjscoffeevietnam.com\/vi\/ca-phe\/\" \/>\n<meta property=\"og:locale\" content=\"vi_VN\" \/>\n<meta property=\"og:type\" content=\"article\" \/>\n<meta property=\"og:title\" content=\"C\u00e0 ph\u00ea &#8211; PJ&#039;s Coffee Vietnam\" \/>\n<meta property=\"og:description\" content=\"C\u00c0 PH\u00ca \u1ee6 L\u1ea0NH Granita Espresso Hot Brew \u0110\u1ebeN V\u1edaI CH\u00daNG T\u00d4I!Th\u1ee9 Hai - Ch\u1ee7 Nh\u1eadt 07AM - 09PMPJ&#039;S MENUCHU\u1ed6I C\u1eecA H\u00c0NGPJ&#039;s - C\u1eecA H\u00c0NG SALA 145-147 Nguy\u1ec5n C\u01a1 Th\u1ea1ch, Ph\u01b0\u1eddng An L\u1ee3i \u0110\u00f4ng, Qu\u1eadn 2, HCM S\u1ed1 \u0111i\u1ec7n tho\u1ea1i: +84 934000591PJ&#039;S - VINCOM CENTER \u0110\u1ed2NG KH\u1edeI 15B-B3, 72 L\u00ea Th\u00e1nh T\u00f4n, Qu\u1eadn 1, HCM [&hellip;]\" \/>\n<meta property=\"og:url\" content=\"https:\/\/pjscoffeevietnam.com\/vi\/ca-phe\/\" \/>\n<meta property=\"og:site_name\" content=\"PJ&#039;s Coffee Vietnam\" \/>\n<meta property=\"article:publisher\" content=\"https:\/\/www.facebook.com\/Pjscoffeevietnam\/\" \/>\n<meta property=\"article:modified_time\" content=\"2019-03-29T09:36:22+00:00\" \/>\n<meta name=\"twitter:card\" content=\"summary_large_image\" \/>\n<meta name=\"twitter:label1\" content=\"Est. reading time\" \/>\n\t<meta name=\"twitter:data1\" content=\"8 minutes\" \/>\n<script type=\"application\/ld+json\" class=\"yoast-schema-graph\">{\"@context\":\"https:\/\/schema.org\",\"@graph\":[{\"@type\":\"WebPage\",\"@id\":\"https:\/\/pjscoffeevietnam.com\/vi\/ca-phe\/\",\"url\":\"https:\/\/pjscoffeevietnam.com\/vi\/ca-phe\/\",\"name\":\"C\u00e0 ph\u00ea &#8211; PJ&#039;s Coffee Vietnam\",\"isPartOf\":{\"@id\":\"https:\/\/pjscoffeevietnam.com\/#website\"},\"datePublished\":\"2018-01-11T09:16:21+00:00\",\"dateModified\":\"2019-03-29T09:36:22+00:00\",\"breadcrumb\":{\"@id\":\"https:\/\/pjscoffeevietnam.com\/vi\/ca-phe\/#breadcrumb\"},\"inLanguage\":\"vi-VN\",\"potentialAction\":[{\"@type\":\"ReadAction\",\"target\":[\"https:\/\/pjscoffeevietnam.com\/vi\/ca-phe\/\"]}]},{\"@type\":\"BreadcrumbList\",\"@id\":\"https:\/\/pjscoffeevietnam.com\/vi\/ca-phe\/#breadcrumb\",\"itemListElement\":[{\"@type\":\"ListItem\",\"position\":1,\"name\":\"Home\",\"item\":\"https:\/\/pjscoffeevietnam.com\/vi\/\"},{\"@type\":\"ListItem\",\"position\":2,\"name\":\"C\u00e0 ph\u00ea\"}]},{\"@type\":\"WebSite\",\"@id\":\"https:\/\/pjscoffeevietnam.com\/#website\",\"url\":\"https:\/\/pjscoffeevietnam.com\/\",\"name\":\"PJ's Coffee Vietnam\",\"description\":\"PJ&#039;s Coffee of New Orleans\",\"publisher\":{\"@id\":\"https:\/\/pjscoffeevietnam.com\/#organization\"},\"potentialAction\":[{\"@type\":\"SearchAction\",\"target\":{\"@type\":\"EntryPoint\",\"urlTemplate\":\"https:\/\/pjscoffeevietnam.com\/?s={search_term_string}\"},\"query-input\":{\"@type\":\"PropertyValueSpecification\",\"valueRequired\":true,\"valueName\":\"search_term_string\"}}],\"inLanguage\":\"vi-VN\"},{\"@type\":\"Organization\",\"@id\":\"https:\/\/pjscoffeevietnam.com\/#organization\",\"name\":\"PJ's Coffee Vietnam\",\"url\":\"https:\/\/pjscoffeevietnam.com\/\",\"logo\":{\"@type\":\"ImageObject\",\"inLanguage\":\"vi-VN\",\"@id\":\"https:\/\/pjscoffeevietnam.com\/#\/schema\/logo\/image\/\",\"url\":\"https:\/\/pjscoffeevietnam.com\/wp-content\/uploads\/2019\/03\/logo.png\",\"contentUrl\":\"https:\/\/pjscoffeevietnam.com\/wp-content\/uploads\/2019\/03\/logo.png\",\"width\":189,\"height\":200,\"caption\":\"PJ's Coffee Vietnam\"},\"image\":{\"@id\":\"https:\/\/pjscoffeevietnam.com\/#\/schema\/logo\/image\/\"},\"sameAs\":[\"https:\/\/www.facebook.com\/Pjscoffeevietnam\/\",\"https:\/\/www.instagram.com\/pjsvietnam\",\"https:\/\/www.tiktok.com\/@pjsvietnam\"]}]}<\/script>\n<!-- \/ Yoast SEO plugin. -->","yoast_head_json":{"title":"C\u00e0 ph\u00ea &#8211; PJ&#039;s Coffee Vietnam","robots":{"index":"index","follow":"follow","max-snippet":"max-snippet:-1","max-image-preview":"max-image-preview:large","max-video-preview":"max-video-preview:-1"},"canonical":"https:\/\/pjscoffeevietnam.com\/vi\/ca-phe\/","og_locale":"vi_VN","og_type":"article","og_title":"C\u00e0 ph\u00ea &#8211; PJ&#039;s Coffee Vietnam","og_description":"C\u00c0 PH\u00ca \u1ee6 L\u1ea0NH Granita Espresso Hot Brew \u0110\u1ebeN V\u1edaI CH\u00daNG T\u00d4I!Th\u1ee9 Hai - Ch\u1ee7 Nh\u1eadt 07AM - 09PMPJ'S MENUCHU\u1ed6I C\u1eecA H\u00c0NGPJ's - C\u1eecA H\u00c0NG SALA 145-147 Nguy\u1ec5n C\u01a1 Th\u1ea1ch, Ph\u01b0\u1eddng An L\u1ee3i \u0110\u00f4ng, Qu\u1eadn 2, HCM S\u1ed1 \u0111i\u1ec7n tho\u1ea1i: +84 934000591PJ'S - VINCOM CENTER \u0110\u1ed2NG KH\u1edeI 15B-B3, 72 L\u00ea Th\u00e1nh T\u00f4n, Qu\u1eadn 1, HCM [&hellip;]","og_url":"https:\/\/pjscoffeevietnam.com\/vi\/ca-phe\/","og_site_name":"PJ&#039;s Coffee Vietnam","article_publisher":"https:\/\/www.facebook.com\/Pjscoffeevietnam\/","article_modified_time":"2019-03-29T09:36:22+00:00","twitter_card":"summary_large_image","twitter_misc":{"Est. reading time":"8 minutes"},"schema":{"@context":"https:\/\/schema.org","@graph":[{"@type":"WebPage","@id":"https:\/\/pjscoffeevietnam.com\/vi\/ca-phe\/","url":"https:\/\/pjscoffeevietnam.com\/vi\/ca-phe\/","name":"C\u00e0 ph\u00ea &#8211; PJ&#039;s Coffee Vietnam","isPartOf":{"@id":"https:\/\/pjscoffeevietnam.com\/#website"},"datePublished":"2018-01-11T09:16:21+00:00","dateModified":"2019-03-29T09:36:22+00:00","breadcrumb":{"@id":"https:\/\/pjscoffeevietnam.com\/vi\/ca-phe\/#breadcrumb"},"inLanguage":"vi-VN","potentialAction":[{"@type":"ReadAction","target":["https:\/\/pjscoffeevietnam.com\/vi\/ca-phe\/"]}]},{"@type":"BreadcrumbList","@id":"https:\/\/pjscoffeevietnam.com\/vi\/ca-phe\/#breadcrumb","itemListElement":[{"@type":"ListItem","position":1,"name":"Home","item":"https:\/\/pjscoffeevietnam.com\/vi\/"},{"@type":"ListItem","position":2,"name":"C\u00e0 ph\u00ea"}]},{"@type":"WebSite","@id":"https:\/\/pjscoffeevietnam.com\/#website","url":"https:\/\/pjscoffeevietnam.com\/","name":"PJ's Coffee Vietnam","description":"PJ&#039;s Coffee of New Orleans","publisher":{"@id":"https:\/\/pjscoffeevietnam.com\/#organization"},"potentialAction":[{"@type":"SearchAction","target":{"@type":"EntryPoint","urlTemplate":"https:\/\/pjscoffeevietnam.com\/?s={search_term_string}"},"query-input":{"@type":"PropertyValueSpecification","valueRequired":true,"valueName":"search_term_string"}}],"inLanguage":"vi-VN"},{"@type":"Organization","@id":"https:\/\/pjscoffeevietnam.com\/#organization","name":"PJ's Coffee Vietnam","url":"https:\/\/pjscoffeevietnam.com\/","logo":{"@type":"ImageObject","inLanguage":"vi-VN","@id":"https:\/\/pjscoffeevietnam.com\/#\/schema\/logo\/image\/","url":"https:\/\/pjscoffeevietnam.com\/wp-content\/uploads\/2019\/03\/logo.png","contentUrl":"https:\/\/pjscoffeevietnam.com\/wp-content\/uploads\/2019\/03\/logo.png","width":189,"height":200,"caption":"PJ's Coffee Vietnam"},"image":{"@id":"https:\/\/pjscoffeevietnam.com\/#\/schema\/logo\/image\/"},"sameAs":["https:\/\/www.facebook.com\/Pjscoffeevietnam\/","https:\/\/www.instagram.com\/pjsvietnam","https:\/\/www.tiktok.com\/@pjsvietnam"]}]}},"_links":{"self":[{"href":"https:\/\/pjscoffeevietnam.com\/vi\/wp-json\/wp\/v2\/pages\/222811","targetHints":{"allow":["GET"]}}],"collection":[{"href":"https:\/\/pjscoffeevietnam.com\/vi\/wp-json\/wp\/v2\/pages"}],"about":[{"href":"https:\/\/pjscoffeevietnam.com\/vi\/wp-json\/wp\/v2\/types\/page"}],"author":[{"embeddable":true,"href":"https:\/\/pjscoffeevietnam.com\/vi\/wp-json\/wp\/v2\/users\/9"}],"replies":[{"embeddable":true,"href":"https:\/\/pjscoffeevietnam.com\/vi\/wp-json\/wp\/v2\/comments?post=222811"}],"version-history":[{"count":0,"href":"https:\/\/pjscoffeevietnam.com\/vi\/wp-json\/wp\/v2\/pages\/222811\/revisions"}],"wp:attachment":[{"href":"https:\/\/pjscoffeevietnam.com\/vi\/wp-json\/wp\/v2\/media?parent=222811"}],"curies":[{"name":"wp","href":"https:\/\/api.w.org\/{rel}","templated":true}]}}